{"id":1502,"date":"2024-03-01T16:46:55","date_gmt":"2024-03-01T16:46:55","guid":{"rendered":"https:\/\/inhaus.mediatictest.com\/privacy-policy\/"},"modified":"2024-04-18T11:15:58","modified_gmt":"2024-04-18T11:15:58","slug":"politica-de-privacitat","status":"publish","type":"page","link":"https:\/\/inhaus.mediatictest.com\/ca\/politica-de-privacitat\/","title":{"rendered":"Pol\u00edtica de privacitat"},"content":{"rendered":"\n<h2 class=\"wp-block-heading\"><strong>Qui som<\/strong><\/h2>\n\n\n\n<p>INHAUS t'informa sobre la seva Pol\u00edtica de Privacitat respecte del tractament i protecci\u00f3 de les dades de car\u00e0cter personal dels usuaris i clients que puguin ser recaptats per la navegaci\u00f3 o contractaci\u00f3 de serveis a trav\u00e9s del lloc web <a href=\"http:\/\/www.inhausrh.com\">www.inhausrh.com<\/a>.<\/p>\n\n\n\n<p>En aquest sentit, el Titular garanteix el compliment de la normativa vigent en mat\u00e8ria de protecci\u00f3 de dades personals, reflectida en la Llei org\u00e0nica 3\/2018, de 5 de desembre, de Protecci\u00f3 de Dades Personals i de Garantia de Drets Digitals (LOPD GDD). Compleix tamb\u00e9 amb el Reglament (UE) 2016\/679 del Parlament Europeu i del Consell de 27 d'abril de 2016 relatiu a la protecci\u00f3 de les persones f\u00edsiques (RGPD).<\/p>\n\n\n\n<p>L'\u00fas de lloc web implica l'acceptaci\u00f3 d'aquesta Pol\u00edtica de Privacitat aix\u00ed com les condicions incloses en l'Av\u00eds Legal.<\/p>\n\n\n\n<p><\/p>\n\n\n\n<h2 class=\"wp-block-heading\"><strong>Identitat del responsable<\/strong><\/h2>\n\n\n\n<p>- Titular: Gimena Uhrich<\/p>\n\n\n\n<p>- Domicili: Pla\u00e7a de Gal-la Plac\u00eddia, 1, 3, 08006 Barcelona<\/p>\n\n\n\n<p>- Correu electr\u00f2nic: <a href=\"mailto:hola@inhausrh.com\">hello@inhausrh.com<\/a><\/p>\n\n\n\n<p>- Lloc web: <a href=\"http:\/\/www.inhausrh.com\">www.inhausrh.com<\/a><\/p>\n\n\n\n<p><\/p>\n\n\n\n<h2 class=\"wp-block-heading\"><strong>Principis aplicats en el tractament de dades<\/strong><\/h2>\n\n\n\n<p>En el tractament de les teves dades personals, el Titular aplicar\u00e0 els seg\u00fcents principis que s'ajusten a les exig\u00e8ncies del nou reglament europeu de protecci\u00f3 de dades:&nbsp;<\/p>\n\n\n\n<p>- Principi de licitud, lleialtat i transpar\u00e8ncia: El Titular sempre requerir\u00e0 el consentiment per al tractament de les teves dades personals que pot ser per a un o diversos fins espec\u00edfics sobre els quals t'informar\u00e0 pr\u00e8viament amb absoluta transpar\u00e8ncia.<\/p>\n\n\n\n<p>- Principi de minimitzaci\u00f3 de dades: El Titular et sol\u00b7licitar\u00e0 nom\u00e9s les dades estrictament necess\u00e0ries per al fi o els fins que els sol\u00b7licita.<\/p>\n\n\n\n<p>- Principi de limitaci\u00f3 del termini de conservaci\u00f3: Les dades es mantindran durant el temps estrictament necessari per al fi o els fins del tractament.<\/p>\n\n\n\n<p>El Titular t'informar\u00e0 del termini de conservaci\u00f3 corresponent segons la finalitat. En el cas de subscripcions, el Titular revisar\u00e0 peri\u00f2dicament les llistes i eliminar\u00e0 aquells registres inactius durant un temps considerable.<\/p>\n\n\n\n<p>- Principi d'integritat i confidencialitat: Les teves dades seran tractades de tal manera que la seva seguretat, confidencialitat i integritat estigui garantida. Has de saber que el Titular presa les precaucions necess\u00e0ries per a evitar l'acc\u00e9s no autoritzat o \u00fas indegut de les dades dels seus usuaris per part de tercers.<\/p>\n\n\n\n<p>Obtenci\u00f3 de dades personals<\/p>\n\n\n\n<p>Per a navegar per www.inhausrh.com no \u00e9s necessari que facilitis cap dada personal. Els casos en els quals s\u00ed que proporciones les teves dades personals s\u00f3n els seg\u00fcents:<\/p>\n\n\n\n<p>- En contactar a trav\u00e9s dels formularis de contacte o enviar un correu electr\u00f2nic.<\/p>\n\n\n\n<p>- En realitzar un comentari en un article o p\u00e0gina.<\/p>\n\n\n\n<p>- En inscriure't en un formulari de subscripci\u00f3 o un butllet\u00ed que el Titular gestiona amb Doppler.<\/p>\n\n\n\n<p><\/p>\n\n\n\n<p><\/p>\n\n\n\n<h2 class=\"wp-block-heading\"><strong>Els teus drets<\/strong><\/h2>\n\n\n\n<p>El Titular t'informa que sobre les teves dades personals tens dret a:<\/p>\n\n\n\n<p>- Sol\u00b7licitar l'acc\u00e9s a les dades emmagatzemades.<\/p>\n\n\n\n<p>- Sol\u00b7licitar una rectificaci\u00f3 o la cancel\u00b7laci\u00f3.<\/p>\n\n\n\n<p>- Sol\u00b7licitar la limitaci\u00f3 del seu tractament.<\/p>\n\n\n\n<p>- Oposar-te al tractament.<\/p>\n\n\n\n<p>- Sol\u00b7licitar la portabilitat de les teves dades.<\/p>\n\n\n\n<p>L'exercici d'aquests drets \u00e9s personal i per tant ha de ser exercit directament per l'interessat, sol\u00b7licitant-lo directament al Titular, cosa que significa que qualsevol client, subscriptor o col\u00b7laborador que hagi facilitat les seves dades en algun moment pot dirigir-se al Titular i demanar informaci\u00f3 sobre les dades que t\u00e9 emmagatzemats i com els ha obtingut, sol\u00b7licitar la rectificaci\u00f3 d'aquests, sol\u00b7licitar la portabilitat de les seves dades personals, oposar-se al tractament, limitar el seu \u00fas o sol\u00b7licitar la cancel\u00b7laci\u00f3 d'aquestes dades en els fitxers del Titular. Per a exercitar els teus drets d'acc\u00e9s, rectificaci\u00f3, cancel\u00b7laci\u00f3, portabilitat i oposici\u00f3 has d'enviar un correu electr\u00f2nic a <a href=\"mailto:hello@inhausrh.com\">hello@inhausrh.com<\/a> juntament amb la prova v\u00e0lida en dret com una fotoc\u00f2pia del DNI o equivalent.<\/p>\n\n\n\n<p>Tens dret a la tutela judicial efectiva i a presentar una reclamaci\u00f3 davant l'autoritat de control, en aquest cas, l'Ag\u00e8ncia Espanyola de Protecci\u00f3 de Dades, si consideres que el tractament de dades personals que et concerneixen infringeix el Reglament.<\/p>\n\n\n\n<p><\/p>\n\n\n\n<p><\/p>\n\n\n\n<h2 class=\"wp-block-heading\"><strong>Finalitat del tractament de dades personals<\/strong><\/h2>\n\n\n\n<p>Quan et connectes al lloc web per a manar un correu al Titular, et subscrius al seu butllet\u00ed o realitzes una contractaci\u00f3, est\u00e0s facilitant informaci\u00f3 de car\u00e0cter personal de la qual el responsable \u00e9s el Titular. Aquesta informaci\u00f3 pot incloure dades de car\u00e0cter personal com poden ser la teva adre\u00e7a IP, nom i cognoms, adre\u00e7a f\u00edsica, adre\u00e7a de correu electr\u00f2nic, n\u00famero de tel\u00e8fon, i una altra informaci\u00f3. En facilitar aquesta informaci\u00f3, dones el teu consentiment perqu\u00e8 la teva informaci\u00f3 sigui recopilada, utilitzada, gestionada i emmagatzemada per superadmin.es , nom\u00e9s com es descriu en l'Av\u00eds Legal i en la present Pol\u00edtica de Privacitat.<\/p>\n\n\n\n<p>Les dades personals i la finalitat del tractament per part del Titular \u00e9s diferent segons el sistema de captura d'informaci\u00f3:&nbsp;<\/p>\n\n\n\n<p>- Formularis de contacte: El Titular sol\u00b7licita dades personals entre els quals poden estar: Nom i cognoms, adre\u00e7a de correu electr\u00f2nic, n\u00famero de tel\u00e8fon i adre\u00e7a del teu lloc web amb la finalitat de respondre a les teves consultes.<\/p>\n\n\n\n<p>Per exemple, el Titular utilitza aquestes dades per a donar resposta als teus missatges, dubtes, queixes, comentaris o inquietuds que puguis tenir relatives a la informaci\u00f3 inclosa en el lloc web, els serveis que es presten a trav\u00e9s del lloc web, el tractament de les teves dades personals, q\u00fcestions referents als textos legals inclosos en el lloc web, aix\u00ed com qualsevol altra consulta que puguis tenir i que no estigui subjecta a les condicions del lloc web o de la contractaci\u00f3.<\/p>\n\n\n\n<p>- Formularis de subscripci\u00f3 a continguts: El Titular sol\u00b7licita les seg\u00fcents dades personals: Nom i cognoms, adre\u00e7a de correu electr\u00f2nic, n\u00famero de tel\u00e8fon i adre\u00e7a del teu lloc web per a gestionar la llista de subscripcions, enviar butlletins, promocions i ofertes especials.<\/p>\n\n\n\n<p>Les dades que facilitis al Titular estaran situats en els servidors de The Rocket Science Group *LLC d\/b\/a, amb domicili als EUA. (Mailchimp).<\/p>\n\n\n\n<p>Existeixen altres finalitats per les quals el Titular tracta les teves dades personals:<\/p>\n\n\n\n<p>- Per a garantir el compliment de les condicions recollides en l'Av\u00eds Legal i en la llei aplicable. Aix\u00f2 pot incloure el desenvolupament d'eines i algorismes que ajudin aquest lloc web a garantir la confidencialitat de les dades personals que recull.<\/p>\n\n\n\n<p>- Per a secundar i millorar els serveis que ofereix aquest lloc web.<\/p>\n\n\n\n<p>- Per a analitzar la navegaci\u00f3. El Titular recull altres dades no identificatives que s'obtenen mitjan\u00e7ant l'\u00fas de cookies que es descarreguen en el teu ordinador quan navegues pel lloc web que les seves *caracter\u00edsiticas i finalitat estan detallades en la Pol\u00edtica de Cookies .<\/p>\n\n\n\n<p>- Per a gestionar les xarxes socials. El Titular t\u00e9 pres\u00e8ncia en xarxes socials. Si et fas seguidor en les xarxes socials del Titular el tractament de les dades personals es regir\u00e0 per aquest apartat, aix\u00ed com per aquelles condicions d'\u00fas, pol\u00edtiques de privacitat i normatives d'acc\u00e9s que pertanyin a la xarxa social que procedeixi en cada cas i que has acceptat pr\u00e8viament. Pots consultar les pol\u00edtiques de privacitat de les principals xarxes socials en aquests enlla\u00e7os:<\/p>\n\n\n\n<p>- Facebook: <a href=\"https:\/\/www.facebook.com\/inhausrh\/\" target=\"_blank\" rel=\"noreferrer noopener\">https:\/\/www.facebook.com\/inhausrh\/<\/a><\/p>\n\n\n\n<p>- Twitter: <a href=\"https:\/\/twitter.com\/inhausrh\" target=\"_blank\" rel=\"noreferrer noopener\">https:\/\/twitter.com\/inhausrh<\/a><\/p>\n\n\n\n<p>- Linkedin: <a href=\"https:\/\/www.linkedin.com\/company\/inhausrh\/\" target=\"_blank\" rel=\"noreferrer noopener\">https:\/\/www.linkedin.com\/company\/inhausrh\/<\/a><\/p>\n\n\n\n<p>- Instagram: <a href=\"https:\/\/www.instagram.com\/inhaus_rh\/\" target=\"_blank\" rel=\"noreferrer noopener\">https:\/\/www.instagram.com\/inhaus_rh\/<\/a><\/p>\n\n\n\n<p>El Titular tractar\u00e0 les teves dades personals amb la finalitat d'administrar correctament la seva pres\u00e8ncia en la xarxa social, informar-te de les seves activitats, productes o serveis, aix\u00ed com per a qualsevol altra finalitat que les normatives de les xarxes socials permetin.<\/p>\n\n\n\n<p>En cap cas el Titular utilitzar\u00e0 els perfils de seguidors en xarxes socials per a enviar publicitat de manera individual.<\/p>\n\n\n\n<p><\/p>\n\n\n\n<h2 class=\"wp-block-heading\"><strong>Seguretat de les dades personals<\/strong><\/h2>\n\n\n\n<p>Per a protegir les teves dades personals, el Titular presa totes les precaucions raonables i segueix les millors pr\u00e0ctiques de la ind\u00fastria per a evitar la seva p\u00e8rdua, mal \u00fas, acc\u00e9s indegut, divulgaci\u00f3, alteraci\u00f3 o destrucci\u00f3 d'aquests.<\/p>\n\n\n\n<p>El lloc web est\u00e0 allotjat en Raiola Network. La seguretat de les teves dades est\u00e0 garantida, ja que prenen totes les mesures de seguretat necess\u00e0ries per a aix\u00f2. Pots consultar la seva pol\u00edtica de privacitat per a tenir m\u00e9s informaci\u00f3.<\/p>\n\n\n\n<p><\/p>\n\n\n\n<h2 class=\"wp-block-heading\"><strong>Contingut d'altres llocs web<\/strong><\/h2>\n\n\n\n<p>Les p\u00e0gines d'aquest lloc web poden incloure contingut incrustat (per exemple, v\u00eddeos, imatges, articles, etc.). El contingut incrustat d'altres web es comporta exactament de la mateixa manera que si haguessis visitat l'altra web.<\/p>\n\n\n\n<p>Aquests llocs web poden recopilar dades sobre tu, utilitzar cookies, incrustar un codi de seguiment addicional de tercers, i supervisar la teva interacci\u00f3 usant aquest codi.<\/p>\n\n\n\n<p>Qualsevol disputa o reclamaci\u00f3 que sorgeixi o estigui relacionada amb la Pol\u00edtica de Privacitat es regir\u00e0 per la legislaci\u00f3 europea. Qualsevol acci\u00f3 legal es dur\u00e0 a terme a Espanya.<\/p>\n","protected":false},"excerpt":{"rendered":"<p>Qui som INHAUS t'informa sobre la seva Pol\u00edtica de Privacitat respecte del tractament i protecci\u00f3 de les dades de car\u00e0cter personal dels usuaris i clients que puguin ser recaptats per la navegaci\u00f3 o contractaci\u00f3 de serveis a trav\u00e9s del lloc web www.inhausrh.com. En aquest sentit, el Titular garanteix el compliment de la normativa vigent en [&hellip;]<\/p>\n","protected":false},"author":1,"featured_media":0,"parent":0,"menu_order":0,"comment_status":"closed","ping_status":"open","template":"","meta":{"_acf_changed":false,"footnotes":""},"class_list":["post-1502","page","type-page","status-publish","hentry"],"acf":[],"_links":{"self":[{"href":"https:\/\/inhaus.mediatictest.com\/ca\/wp-json\/wp\/v2\/pages\/1502","targetHints":{"allow":["GET"]}}],"collection":[{"href":"https:\/\/inhaus.mediatictest.com\/ca\/wp-json\/wp\/v2\/pages"}],"about":[{"href":"https:\/\/inhaus.mediatictest.com\/ca\/wp-json\/wp\/v2\/types\/page"}],"author":[{"embeddable":true,"href":"https:\/\/inhaus.mediatictest.com\/ca\/wp-json\/wp\/v2\/users\/1"}],"replies":[{"embeddable":true,"href":"https:\/\/inhaus.mediatictest.com\/ca\/wp-json\/wp\/v2\/comments?post=1502"}],"version-history":[{"count":4,"href":"https:\/\/inhaus.mediatictest.com\/ca\/wp-json\/wp\/v2\/pages\/1502\/revisions"}],"predecessor-version":[{"id":1588,"href":"https:\/\/inhaus.mediatictest.com\/ca\/wp-json\/wp\/v2\/pages\/1502\/revisions\/1588"}],"wp:attachment":[{"href":"https:\/\/inhaus.mediatictest.com\/ca\/wp-json\/wp\/v2\/media?parent=1502"}],"curies":[{"name":"wp","href":"https:\/\/api.w.org\/{rel}","templated":true}]}}