{"id":1505,"date":"2024-04-04T01:42:28","date_gmt":"2024-04-04T01:42:28","guid":{"rendered":"https:\/\/inhaus.mediatictest.com\/cookie-policy\/"},"modified":"2024-04-18T08:16:19","modified_gmt":"2024-04-18T08:16:19","slug":"politica-de-cookies","status":"publish","type":"page","link":"https:\/\/inhaus.mediatictest.com\/ca\/politica-de-cookies\/","title":{"rendered":"Pol\u00edtica de Cookies"},"content":{"rendered":"\n<p>Perqu\u00e8 aquest lloc web funcioni correctament necessita utilitzar cookies, que \u00e9s una informaci\u00f3 que s'emmagatzema en el teu navegador web. En la p\u00e0gina Pol\u00edtica de Cookies pots consultar tota la informaci\u00f3 relativa a la pol\u00edtica de recollida, la finalitat i el tractament de les cookies.<\/p>\n\n\n\n<h2 class=\"wp-block-heading\"><strong>Legitimaci\u00f3 per al tractament de dades<\/strong><\/h2>\n\n\n\n<p>La base legal per al tractament de les teves dades \u00e9s: el consentiment.<\/p>\n\n\n\n<p>Per a contactar amb el Titular, subscriure't a un butllet\u00ed o realitzar comentaris en aquest lloc web has d'acceptar la present Pol\u00edtica de Privacitat. Categories de dades personals<\/p>\n\n\n\n<p>Les categories de dades personals que tracta el Titular s\u00f3n:<\/p>\n\n\n\n<p>- Dades identificatives.<\/p>\n\n\n\n<h2 class=\"wp-block-heading\"><strong>Conservaci\u00f3 de dades personals<\/strong><\/h2>\n\n\n\n<p>Les dades personals que proporcions al Titular es conservaran fins que sol\u00b7licitis la seva supressi\u00f3. Destinataris de dades personals \u2022 Mailchimp The Rocket Science Group LLC d\/b\/a , amb domicili als EUA. Trobar\u00e0s m\u00e9s informaci\u00f3 en: https:\/\/mailchimp.com The Rocket Science Group LLC d\/b\/a tr\u00e0fic les dades amb la finalitat de prestar els seus serveis d'email al Titular. \u2022 Google Analytics \u00e9s un servei d'anal\u00edtica web prestat per Google, Inc., una companyia de Delaware l'oficina principal de la qual est\u00e0 en 1600 Amphitheatre Parkway, Mountain View (Calif\u00f2rnia), CA 94043, els Estats Units (\u201cGoogle\u201d). Trobar\u00e0s m\u00e9s informaci\u00f3 en: https:\/\/analytics.google.com<\/p>\n\n\n\n<p>Google Analytics utilitza \u201ccookies\u201d, que s\u00f3n arxius de text situats en el teu ordinador, per a ajudar el Titular a analitzar l'\u00fas que fan els usuaris del lloc web. La informaci\u00f3 que genera la cookie sobre l'\u00fas del lloc web (incloent la teva adre\u00e7a IP) ser\u00e0 directament transmesa i arxivada per Google en els servidors dels Estats Units. \u2022 DoubleClick by Google \u00e9s un conjunt de serveis publicitaris proporcionat per Google, Inc., una companyia de Delaware l'oficina principal de la qual est\u00e0 en 1600 Amphitheatre Parkway, Mountain View (Calif\u00f2rnia), CA 94043, els Estats Units (\u201cGoogle\u201d).<\/p>\n\n\n\n<p>Trobar\u00e0s m\u00e9s informaci\u00f3 en: <a href=\"https:\/\/www.doubleclickbygoogle.com\" target=\"_blank\" rel=\"noreferrer noopener\">https:\/\/www.doubleclickbygoogle.com<\/a><\/p>\n\n\n\n<p>DoubleClick utilitza \u201ccookies\u201d, que s\u00f3n arxius de text situats en el teu ordinador i que serveixen per a augmentar la rellev\u00e0ncia dels anuncis relacionats amb les teves cerques recents. En la Pol\u00edtica de privacitat de Google s'explica com Google gestiona la teva privacitat pel que fa a l'\u00fas de les cookies i una altra informaci\u00f3. Tamb\u00e9 pots veure una llista dels tipus de cookies que utilitza Google i els seus col\u00b7laboradors i tota la informaci\u00f3 relativa a l'\u00fas que fan de cookies publicit\u00e0ries. Navegaci\u00f3 Web<\/p>\n\n\n\n<p>En navegar per www.inhausrh.com es poden recollir dades no identificatives, que poden incloure, l'adre\u00e7a IP, geolocalitzaci\u00f3, un registre de com s'utilitzen els serveis i llocs, h\u00e0bits de navegaci\u00f3 i altres dades que no poden ser utilitzats per a identificar-te.<\/p>\n\n\n\n<p>El lloc web utilitza els seg\u00fcents serveis d'an\u00e0lisis de tercers:<\/p>\n\n\n\n<p>- Google Analytics<\/p>\n\n\n\n<p>- DoubleClick by Google<\/p>\n\n\n\n<p>El Titular utilitza la informaci\u00f3 obtinguda per a obtenir dades estad\u00edstiques, analitzar tend\u00e8ncies, administrar el lloc, estudiar patrons de navegaci\u00f3 i per a recopilar informaci\u00f3 demogr\u00e0fica.\u00a0<\/p>\n\n\n\n<h2 class=\"wp-block-heading\"><strong>Exactitud i veracitat de les dades personals<\/strong><\/h2>\n\n\n\n<p>Et compromets al fet que les dades facilitades al Titular siguin correctes, complets, exactes i vigents, aix\u00ed com a mantenir-los degudament actualitzats. Com a Usuari del lloc web ets l'\u00fanic responsable de la veracitat i correcci\u00f3 de les dades que remetis al lloc exonerant al Titular de qualsevol responsabilitat sobre aquest tema.<\/p>\n\n\n\n<h2 class=\"wp-block-heading\"><strong>Acceptaci\u00f3 i consentiment<\/strong><\/h2>\n\n\n\n<p>Com a Usuari del lloc web declares haver estat informat de les condicions sobre protecci\u00f3 de dades de car\u00e0cter personal, acceptes i consents el tractament dels mateixos per part del Titular en la forma i per a les finalitats indicades en aquesta Pol\u00edtica de Privacitat.<\/p>\n\n\n\n<h2 class=\"wp-block-heading\"><strong>Revocabilitat<\/strong><\/h2>\n\n\n\n<p>Per a exercitar els teus drets d'acc\u00e9s, rectificaci\u00f3, cancel\u00b7laci\u00f3, portabilitat i oposici\u00f3 has d'enviar un correu electr\u00f2nic a <a href=\"mailto:hello@inhausrh.com\">hello@inhausrh.com<\/a> juntament amb la prova v\u00e0lida en dret com una fotoc\u00f2pia del DNI o equivalent.<\/p>\n\n\n\n<p>L'exercici dels teus drets no inclou cap dada que el Titular estigui obligat a conservar amb finalitats administratius, legals o de seguretat.<\/p>\n\n\n\n<h2 class=\"wp-block-heading\"><strong>Canvis en la Pol\u00edtica de Privacitat<\/strong><\/h2>\n\n\n\n<p>El Titular es reserva el dret a modificar la present Pol\u00edtica de Privacitat per a adaptar-la a novetats legislatives o jurisprudencials, aix\u00ed com a pr\u00e0ctiques de la ind\u00fastria. Aquestes pol\u00edtiques estaran vigents fins que siguin modificades per unes altres degudament publicades.<\/p>\n\n\n\n<p><br>Qualsevol disputa o reclamaci\u00f3 que sorgeixi o estigui relacionada amb la Pol\u00edtica de Cookies es regir\u00e0 per la legislaci\u00f3 europea. Qualsevol acci\u00f3 legal es dur\u00e0 a terme a Espanya.<\/p>\n","protected":false},"excerpt":{"rendered":"<p>Perqu\u00e8 aquest lloc web funcioni correctament necessita utilitzar cookies, que \u00e9s una informaci\u00f3 que s'emmagatzema en el teu navegador web. En la p\u00e0gina Pol\u00edtica de Cookies pots consultar tota la informaci\u00f3 relativa a la pol\u00edtica de recollida, la finalitat i el tractament de les cookies. Legitimaci\u00f3 per al tractament de dades La base legal per [&hellip;]<\/p>\n","protected":false},"author":1,"featured_media":0,"parent":0,"menu_order":0,"comment_status":"closed","ping_status":"closed","template":"","meta":{"_acf_changed":false,"footnotes":""},"class_list":["post-1505","page","type-page","status-publish","hentry"],"acf":[],"_links":{"self":[{"href":"https:\/\/inhaus.mediatictest.com\/ca\/wp-json\/wp\/v2\/pages\/1505","targetHints":{"allow":["GET"]}}],"collection":[{"href":"https:\/\/inhaus.mediatictest.com\/ca\/wp-json\/wp\/v2\/pages"}],"about":[{"href":"https:\/\/inhaus.mediatictest.com\/ca\/wp-json\/wp\/v2\/types\/page"}],"author":[{"embeddable":true,"href":"https:\/\/inhaus.mediatictest.com\/ca\/wp-json\/wp\/v2\/users\/1"}],"replies":[{"embeddable":true,"href":"https:\/\/inhaus.mediatictest.com\/ca\/wp-json\/wp\/v2\/comments?post=1505"}],"version-history":[{"count":2,"href":"https:\/\/inhaus.mediatictest.com\/ca\/wp-json\/wp\/v2\/pages\/1505\/revisions"}],"predecessor-version":[{"id":1527,"href":"https:\/\/inhaus.mediatictest.com\/ca\/wp-json\/wp\/v2\/pages\/1505\/revisions\/1527"}],"wp:attachment":[{"href":"https:\/\/inhaus.mediatictest.com\/ca\/wp-json\/wp\/v2\/media?parent=1505"}],"curies":[{"name":"wp","href":"https:\/\/api.w.org\/{rel}","templated":true}]}}