{"id":1581,"date":"2024-03-21T12:56:37","date_gmt":"2024-03-21T12:56:37","guid":{"rendered":"https:\/\/inhaus.mediatictest.com\/jobs\/"},"modified":"2024-04-19T07:52:51","modified_gmt":"2024-04-19T07:52:51","slug":"praca","status":"publish","type":"page","link":"https:\/\/inhaus.mediatictest.com\/pl\/praca\/","title":{"rendered":"Praca"},"content":{"rendered":"<section id=\"section-12-564\" class=\" ct-section bg-alt section-pb-0\" ><div class=\"ct-section-inner-wrap\"><div id=\"text_block-13-564\" class=\"ct-text-block py-3 rounded-full color-extra-color-1 border-color-extra-color-1 border-px px-5 text-lg mx-auto mb-12\" >Praca<\/div><h1 id=\"headline-14-564\" class=\"ct-headline centered mx-auto font-medium mb-8\">Poznaj nasze aktualne oferty!<\/h1><div id=\"_rich_text-15-564\" class=\"oxy-rich-text mx-auto text-center\" ><p>Promujemy rozw&oacute;j ludzi i organizacji.<\/p><\/div><\/div><\/section><section id=\"section-16-564\" class=\" ct-section section-pt-sm\" ><div class=\"ct-section-inner-wrap\"><div id=\"div_block-17-564\" class=\"ct-div-block w-full grid grid-cols-2 gap-8\" ><div id=\"div_block-18-564\" class=\"ct-div-block\" ><img decoding=\"async\"  id=\"image-20-564\" alt=\"\" src=\"https:\/\/inhaus.mediatictest.com\/wp-content\/uploads\/2024\/04\/Group-19.svg\" class=\"ct-image rounded-full\"\/><\/div><div id=\"div_block-19-564\" class=\"ct-div-block\" ><img decoding=\"async\"  id=\"image-21-564\" alt=\"\" src=\"https:\/\/inhaus.mediatictest.com\/wp-content\/uploads\/2024\/04\/Ellipse-11.png\" class=\"ct-image rounded-full\"\/><\/div><\/div><\/div><\/section>\n\n<section id=\"section-13-576\" class=\" ct-section centered section-pt-0\" ><div class=\"ct-section-inner-wrap\"><div id=\"_rich_text-28-576\" class=\"oxy-rich-text mb-10\" ><h2 class=\"text-2xl\"><span class=\"color-primary\">Sprawd\u017a oferty pracy<\/span><br \/>lub wy\u015blij nam swoje CV<\/h2><\/div><div id=\"_rich_text-25-576\" class=\"oxy-rich-text mb-16\" ><p>Nie znalaz\u0142e\u015b jeszcze swojego kolejnego wyzwania?<\/p>\n<p>Nie martw si\u0119, mo\u017cesz by\u0107 cz\u0119\u015bci\u0105 naszej sieci profesjonalist&oacute;w.<br \/>Wy\u015blij nam swoje CV, a my znajdziemy dla Ciebie najlepsz\u0105 okazj\u0119.<\/p><\/div><div id=\"div_block-5-576\" class=\"ct-div-block gap-6 flex horizontal flex-wrap centered\" ><a id=\"link-37-576\" class=\"ct-link rounded-full lg-mx-auto button-outline border-paragraph border-px\" href=\"https:\/\/inhaus.teamtailor.com\/pl\" target=\"_blank\"  ><div id=\"text_block-38-576\" class=\"ct-text-block \" >Oferty pracy<\/div><div id=\"fancy_icon-39-576\" class=\"ct-fancy-icon icon-lg\" ><svg id=\"svg-fancy_icon-39-576\"><use xlink:href=\"#Lineariconsicon-arrow-right\"><\/use><\/svg><\/div><\/a><a id=\"link-30-576\" class=\"ct-link button-paragraph rounded-full lg-mx-auto\" href=\"https:\/\/inhaus.teamtailor.com\/connect\" target=\"_blank\"  ><div id=\"text_block-31-576\" class=\"ct-text-block \" >Wy\u015blij CV<\/div><div id=\"fancy_icon-32-576\" class=\"ct-fancy-icon icon-lg\" ><svg id=\"svg-fancy_icon-32-576\"><use xlink:href=\"#Lineariconsicon-arrow-right\"><\/use><\/svg><\/div><\/a><\/div><\/div><\/section>\n\n<section id=\"section-3-1100\" class=\" ct-section section-py-sm\" ><div class=\"ct-section-inner-wrap\"><div id=\"div_block-4-1100\" class=\"ct-div-block oxel_logo_slider\" ><div id=\"code_block-5-1100\" class=\"ct-code-block\" ><!-- --><\/div><div id=\"div_block-6-1100\" class=\"ct-div-block oxel_logo_slider__image_carrier\"  position=\"0\"><div id=\"div_block-7-1100\" class=\"ct-div-block oxel_logo_slider__logo\" ><img decoding=\"async\"  id=\"image-8-1100\" alt=\"\" src=\"https:\/\/inhaus.mediatictest.com\/wp-content\/uploads\/2024\/04\/logo-slider.svg\" class=\"ct-image \" srcset-disabled=\"\" sizes=\"(max-width: 163px) 100vw, 163px\" \/><\/div><div id=\"div_block-44-1100\" class=\"ct-div-block oxel_logo_slider__logo\" ><img decoding=\"async\"  id=\"image-45-1100\" alt=\"\" src=\"https:\/\/inhaus.mediatictest.com\/wp-content\/uploads\/2024\/04\/logo-slider.svg\" class=\"ct-image \" srcset-disabled=\"\" sizes=\"(max-width: 163px) 100vw, 163px\" \/><\/div><div id=\"div_block-46-1100\" class=\"ct-div-block oxel_logo_slider__logo\" ><img decoding=\"async\"  id=\"image-47-1100\" alt=\"\" src=\"https:\/\/inhaus.mediatictest.com\/wp-content\/uploads\/2024\/04\/logo-slider.svg\" class=\"ct-image \" srcset-disabled=\"\" sizes=\"(max-width: 163px) 100vw, 163px\" \/><\/div><div id=\"div_block-48-1100\" class=\"ct-div-block oxel_logo_slider__logo\" ><img decoding=\"async\"  id=\"image-49-1100\" alt=\"\" src=\"https:\/\/inhaus.mediatictest.com\/wp-content\/uploads\/2024\/04\/logo-slider.svg\" class=\"ct-image \" srcset-disabled=\"\" sizes=\"(max-width: 163px) 100vw, 163px\" \/><\/div><div id=\"div_block-50-1100\" class=\"ct-div-block oxel_logo_slider__logo\" ><img decoding=\"async\"  id=\"image-51-1100\" alt=\"\" src=\"https:\/\/inhaus.mediatictest.com\/wp-content\/uploads\/2024\/04\/logo-slider.svg\" class=\"ct-image \" srcset-disabled=\"\" sizes=\"(max-width: 163px) 100vw, 163px\" \/><\/div><div id=\"div_block-52-1100\" class=\"ct-div-block oxel_logo_slider__logo\" ><img decoding=\"async\"  id=\"image-53-1100\" alt=\"\" src=\"https:\/\/inhaus.mediatictest.com\/wp-content\/uploads\/2024\/04\/logo-slider.svg\" class=\"ct-image \" srcset-disabled=\"\" sizes=\"(max-width: 163px) 100vw, 163px\" \/><\/div><div id=\"div_block-28-1100\" class=\"ct-div-block oxel_logo_slider__logo\" ><img decoding=\"async\"  id=\"image-29-1100\" alt=\"\" src=\"https:\/\/inhaus.mediatictest.com\/wp-content\/uploads\/2024\/04\/logo-slider.svg\" class=\"ct-image \" srcset-disabled=\"\" sizes=\"(max-width: 163px) 100vw, 163px\" \/><\/div><div id=\"div_block-30-1100\" class=\"ct-div-block oxel_logo_slider__logo\" ><img decoding=\"async\"  id=\"image-31-1100\" alt=\"\" src=\"https:\/\/inhaus.mediatictest.com\/wp-content\/uploads\/2024\/04\/logo-slider.svg\" class=\"ct-image \" srcset-disabled=\"\" sizes=\"(max-width: 163px) 100vw, 163px\" \/><\/div><div id=\"div_block-32-1100\" class=\"ct-div-block oxel_logo_slider__logo\" ><img decoding=\"async\"  id=\"image-33-1100\" alt=\"\" src=\"https:\/\/inhaus.mediatictest.com\/wp-content\/uploads\/2024\/04\/logo-slider.svg\" class=\"ct-image \" srcset-disabled=\"\" sizes=\"(max-width: 163px) 100vw, 163px\" \/><\/div><div id=\"div_block-34-1100\" class=\"ct-div-block oxel_logo_slider__logo\" ><img decoding=\"async\"  id=\"image-35-1100\" alt=\"\" src=\"https:\/\/inhaus.mediatictest.com\/wp-content\/uploads\/2024\/04\/logo-slider.svg\" class=\"ct-image \" srcset-disabled=\"\" sizes=\"(max-width: 163px) 100vw, 163px\" \/><\/div><\/div><div id=\"div_block-17-1100\" class=\"ct-div-block oxel_logo_slider__image_carrier oxel_logo_slider__image_carrier--delay\"  position=\"0\"><div id=\"div_block-18-1100\" class=\"ct-div-block oxel_logo_slider__logo\" ><img decoding=\"async\"  id=\"image-19-1100\" alt=\"\" src=\"https:\/\/inhaus.mediatictest.com\/wp-content\/uploads\/2024\/04\/logo-slider.svg\" class=\"ct-image \" srcset-disabled=\"\" sizes=\"(max-width: 163px) 100vw, 163px\" \/><\/div><div id=\"div_block-54-1100\" class=\"ct-div-block oxel_logo_slider__logo\" ><img decoding=\"async\"  id=\"image-55-1100\" alt=\"\" src=\"https:\/\/inhaus.mediatictest.com\/wp-content\/uploads\/2024\/04\/logo-slider.svg\" class=\"ct-image \" srcset-disabled=\"\" sizes=\"(max-width: 163px) 100vw, 163px\" \/><\/div><div id=\"div_block-56-1100\" class=\"ct-div-block oxel_logo_slider__logo\" ><img decoding=\"async\"  id=\"image-57-1100\" alt=\"\" src=\"https:\/\/inhaus.mediatictest.com\/wp-content\/uploads\/2024\/04\/logo-slider.svg\" class=\"ct-image \" srcset-disabled=\"\" sizes=\"(max-width: 163px) 100vw, 163px\" \/><\/div><div id=\"div_block-58-1100\" class=\"ct-div-block oxel_logo_slider__logo\" ><img decoding=\"async\"  id=\"image-59-1100\" alt=\"\" src=\"https:\/\/inhaus.mediatictest.com\/wp-content\/uploads\/2024\/04\/logo-slider.svg\" class=\"ct-image \" srcset-disabled=\"\" sizes=\"(max-width: 163px) 100vw, 163px\" \/><\/div><div id=\"div_block-60-1100\" class=\"ct-div-block oxel_logo_slider__logo\" ><img decoding=\"async\"  id=\"image-61-1100\" alt=\"\" src=\"https:\/\/inhaus.mediatictest.com\/wp-content\/uploads\/2024\/04\/logo-slider.svg\" class=\"ct-image \" srcset-disabled=\"\" sizes=\"(max-width: 163px) 100vw, 163px\" \/><\/div><div id=\"div_block-62-1100\" class=\"ct-div-block oxel_logo_slider__logo\" ><img decoding=\"async\"  id=\"image-63-1100\" alt=\"\" src=\"https:\/\/inhaus.mediatictest.com\/wp-content\/uploads\/2024\/04\/logo-slider.svg\" class=\"ct-image \" srcset-disabled=\"\" sizes=\"(max-width: 163px) 100vw, 163px\" \/><\/div><div id=\"div_block-36-1100\" class=\"ct-div-block oxel_logo_slider__logo\" ><img decoding=\"async\"  id=\"image-37-1100\" alt=\"\" src=\"https:\/\/inhaus.mediatictest.com\/wp-content\/uploads\/2024\/04\/logo-slider.svg\" class=\"ct-image \" srcset-disabled=\"\" sizes=\"(max-width: 163px) 100vw, 163px\" \/><\/div><div id=\"div_block-38-1100\" class=\"ct-div-block oxel_logo_slider__logo\" ><img decoding=\"async\"  id=\"image-39-1100\" alt=\"\" src=\"https:\/\/inhaus.mediatictest.com\/wp-content\/uploads\/2024\/04\/logo-slider.svg\" class=\"ct-image \" srcset-disabled=\"\" sizes=\"(max-width: 163px) 100vw, 163px\" \/><\/div><div id=\"div_block-40-1100\" class=\"ct-div-block oxel_logo_slider__logo\" ><img decoding=\"async\"  id=\"image-41-1100\" alt=\"\" src=\"https:\/\/inhaus.mediatictest.com\/wp-content\/uploads\/2024\/04\/logo-slider.svg\" class=\"ct-image \" srcset-disabled=\"\" sizes=\"(max-width: 163px) 100vw, 163px\" \/><\/div><div id=\"div_block-42-1100\" class=\"ct-div-block oxel_logo_slider__logo\" ><img decoding=\"async\"  id=\"image-43-1100\" alt=\"\" src=\"https:\/\/inhaus.mediatictest.com\/wp-content\/uploads\/2024\/04\/logo-slider.svg\" class=\"ct-image \" srcset-disabled=\"\" sizes=\"(max-width: 163px) 100vw, 163px\" \/><\/div><\/div><\/div><\/div><\/section>\n\n<section id=\"section-2-477\" class=\" ct-section section-py-0 section-fade-in-down\" ><div class=\"ct-section-inner-wrap\"><img decoding=\"async\"  id=\"image-3-477\" alt=\"\" src=\"https:\/\/inhaus.mediatictest.com\/wp-content\/uploads\/2024\/04\/879b3a2bc05b718424e86f3ab6881ace-scaled.jpg\" class=\"ct-image object-cover\"\/><\/div><\/section>\n\n<section id=\"section-2-484\" class=\" ct-section section-pb-sm\" ><div class=\"ct-section-inner-wrap\"><div id=\"code_block-10-484\" class=\"ct-code-block\" ><\/div><div id=\"div_block-3-484\" class=\"ct-div-block w-1by2 bg-primary mb-10\" ><\/div><h2 id=\"headline-4-484\" class=\"ct-headline mb-8 font-medium text-4-5xl\">Nasze&nbsp;<br><span id=\"span-5-484\" class=\"ct-span color-primary oxygenberg-span-5-484 oxygenberg-element\">obszary specjalizacji<\/span><\/h2><div id=\"_rich_text-9-484\" class=\"oxy-rich-text w-full list-item-2-column\" ><ul>\n<li>Bankowo\u015b\u0107 i ubezpieczenia<\/li>\n<li>Ksi\u0119gowo\u015b\u0107 i finanse<\/li>\n<li>Prawo i podatki<\/li>\n<li>In\u017cynieria i telekomunikacja<\/li>\n<li>Energia i ropa naftowa<\/li>\n<li>Zasoby ludzkie<\/li>\n<li>Przemys\u0142 i \u0142a\u0144cuch dostaw<\/li>\n<li>Moda, dobra luksusowe i handel detaliczny<\/li>\n<li>Technologia i cyfryzacja<\/li>\n<li>Farmaceutyka, zdrowie i biotechnologia<\/li>\n<li>Agrobiznes<\/li>\n<li>Handel i marketing<\/li>\n<li>Nieruchomo\u015bci, budownictwo i infrastruktura<\/li>\n<li>Us\u0142ugi<\/li>\n<li>Restrukturyzacja<\/li>\n<\/ul><\/div><\/div><\/section>\n\n<section id=\"section-2-499\" class=\" ct-section section-fade-in-opacity\" style=\"background-image:linear-gradient(rgba(0,0,0,0.5), rgba(0,0,0,0.5)), url(https:\/\/inhaus.mediatictest.com\/wp-content\/uploads\/2024\/04\/e14614d87daa78f67734ad0d6bc7edd7-scaled.jpg);background-size:auto,  cover;\" ><div class=\"ct-section-inner-wrap\"><div id=\"div_block-3-499\" class=\"ct-div-block w-full grid grid-cols-2 gap-8 lg-grid-cols-1\" ><div id=\"div_block-4-499\" class=\"ct-div-block\" ><h2 id=\"headline-6-499\" class=\"ct-headline color-white mb-10\">Czy jeste\u015b firm\u0105 poszukuj\u0105c\u0105 talent\u00f3w?<\/h2><img decoding=\"async\"  id=\"image-7-499\" alt=\"\" src=\"https:\/\/inhaus.mediatictest.com\/wp-content\/uploads\/2024\/04\/Discover-all-our-services.svg\" class=\"ct-image \"\/><\/div><div id=\"div_block-5-499\" class=\"ct-div-block \" ><div id=\"_rich_text-8-499\" class=\"oxy-rich-text color-white border-b border-color-white pb-16 mb-16\" ><p>Wierzymy w odkrywanie i wykorzystywanie unikalnych talent&oacute;w ka\u017cdej osoby, \u0142\u0105cz\u0105c je w innowacyjny spos&oacute;b z wyj\u0105tkowymi firmami.<\/p><\/div><div id=\"_rich_text-9-499\" class=\"oxy-rich-text link-underline\" ><p><a href=\"..\/rekrutacja\/\" target=\"_blank\" rel=\"noopener\">Rekrutacja<\/a><br \/><a href=\"..\/hr-na-zadanie\/\" target=\"_blank\" rel=\"noopener\">HR na \u017c\u0105danie<\/a><br \/><a href=\"..\/posrednictwo-pracy\/\" target=\"_blank\" rel=\"noopener\">Po\u015brednictwo pracy<\/a><br \/><a href=\"..\/doradztwo\/\" target=\"_blank\" rel=\"noopener\">Doradztwo<\/a><\/p><\/div><\/div><\/div><\/div><\/section>","protected":false},"excerpt":{"rendered":"","protected":false},"author":1,"featured_media":0,"parent":0,"menu_order":0,"comment_status":"closed","ping_status":"closed","template":"","meta":{"_acf_changed":false,"footnotes":""},"class_list":["post-1581","page","type-page","status-publish","hentry"],"acf":[],"_links":{"self":[{"href":"https:\/\/inhaus.mediatictest.com\/pl\/wp-json\/wp\/v2\/pages\/1581","targetHints":{"allow":["GET"]}}],"collection":[{"href":"https:\/\/inhaus.mediatictest.com\/pl\/wp-json\/wp\/v2\/pages"}],"about":[{"href":"https:\/\/inhaus.mediatictest.com\/pl\/wp-json\/wp\/v2\/types\/page"}],"author":[{"embeddable":true,"href":"https:\/\/inhaus.mediatictest.com\/pl\/wp-json\/wp\/v2\/users\/1"}],"replies":[{"embeddable":true,"href":"https:\/\/inhaus.mediatictest.com\/pl\/wp-json\/wp\/v2\/comments?post=1581"}],"version-history":[{"count":3,"href":"https:\/\/inhaus.mediatictest.com\/pl\/wp-json\/wp\/v2\/pages\/1581\/revisions"}],"predecessor-version":[{"id":1647,"href":"https:\/\/inhaus.mediatictest.com\/pl\/wp-json\/wp\/v2\/pages\/1581\/revisions\/1647"}],"wp:attachment":[{"href":"https:\/\/inhaus.mediatictest.com\/pl\/wp-json\/wp\/v2\/media?parent=1581"}],"curies":[{"name":"wp","href":"https:\/\/api.w.org\/{rel}","templated":true}]}}