{"id":1594,"date":"2024-03-21T12:57:18","date_gmt":"2024-03-21T12:57:18","guid":{"rendered":"https:\/\/inhaus.mediatictest.com\/contact\/"},"modified":"2024-04-22T06:45:35","modified_gmt":"2024-04-22T06:45:35","slug":"kontakt","status":"publish","type":"page","link":"https:\/\/inhaus.mediatictest.com\/pl\/kontakt\/","title":{"rendered":"Kontakt"},"content":{"rendered":"<section id=\"section-2-611\" class=\"oxy-video-background ct-section \" ><div class='oxy-video-container'><video autoplay loop playsinline muted><source src='https:\/\/inhaus.mediatictest.com\/wp-content\/uploads\/2024\/04\/contacto.mp4'><\/video><div class='oxy-video-overlay'><\/div><\/div><div class=\"ct-section-inner-wrap\"><\/div><\/section>\n\n<section class=\"section-py-sm\">\n<div style=\"max-width: 100%;padding-right: 0;padding-left: 0;\" class=\"ct-section-inner-wrap\">\n    <div class=\"services-ticker-block\">\n        <div class=\"stb_line_single countries\">\n                                                \t                    <div class=\"stb-item color-extra-color-1 text-2xl font-headings\">\n                            Barcelona                        <\/div>\n                        <div class=\"stb-item color-extra-color-1 text-2xl\">     |     <\/div>\n                                                        \t                    <div class=\"stb-item color-extra-color-1 text-2xl font-headings\">\n                            Buenos Aires                        <\/div>\n                        <div class=\"stb-item color-extra-color-1 text-2xl\">     |     <\/div>\n                                                        \t                    <div class=\"stb-item color-extra-color-1 text-2xl font-headings\">\n                            S\u00e3o Paulo                        <\/div>\n                        <div class=\"stb-item color-extra-color-1 text-2xl\">     |     <\/div>\n                                                        \t                    <div class=\"stb-item color-extra-color-1 text-2xl font-headings\">\n                            Lima                        <\/div>\n                        <div class=\"stb-item color-extra-color-1 text-2xl\">     |     <\/div>\n                                                        \t                    <div class=\"stb-item color-extra-color-1 text-2xl font-headings\">\n                            Bielsko-Bia\u0142a                        <\/div>\n                        <div class=\"stb-item color-extra-color-1 text-2xl\">     |     <\/div>\n                                                        \t                    <div class=\"stb-item color-extra-color-1 text-2xl font-headings\">\n                            Porto                        <\/div>\n                        <div class=\"stb-item color-extra-color-1 text-2xl\">     |     <\/div>\n                                                        \t                    <div class=\"stb-item color-extra-color-1 text-2xl font-headings\">\n                            Londyn                        <\/div>\n                        <div class=\"stb-item color-extra-color-1 text-2xl\">     |     <\/div>\n                                                        \t                    <div class=\"stb-item color-extra-color-1 text-2xl font-headings\">\n                            Panama City                        <\/div>\n                        <div class=\"stb-item color-extra-color-1 text-2xl\">     |     <\/div>\n                                                        \t                    <div class=\"stb-item color-extra-color-1 text-2xl font-headings\">\n                            Mexico City                        <\/div>\n                        <div class=\"stb-item color-extra-color-1 text-2xl\">     |     <\/div>\n                                                        \t                    <div class=\"stb-item color-extra-color-1 text-2xl font-headings\">\n                            Nowy Jork                        <\/div>\n                        <div class=\"stb-item color-extra-color-1 text-2xl\">     |     <\/div>\n                                                        <\/div>\n    <\/div>\n<\/div>\n<\/section>\n\n\n<section id=\"section-2-422\" class=\" ct-section section-py-sm section-fade-in-opacity\" ><div class=\"ct-section-inner-wrap\"><div id=\"div_block-33-422\" class=\"ct-div-block\" ><div id=\"text_block-11-422\" class=\"ct-text-block py-3 rounded-full border-color color-extra-color-1 border-color-extra-color-1 border-px px-6 font-medium text-sm mb-10 md-mx-0\" >Kontakt<\/div><\/div><div id=\"div_block-3-422\" class=\"ct-div-block w-full grid-cols-2 lg-grid-cols-1 grid lg-gap-16 md-gap-12\" ><div id=\"div_block-4-422\" class=\"ct-div-block pr-16 h-full gap-8 md-px-0\" ><div id=\"div_block-23-422\" class=\"ct-div-block gap-4\" ><h2 id=\"headline-8-422\" class=\"ct-headline mb-2 text-4-5xl font-medium title-fade-in\">Jak mo\u017cemy <br>Ci pom\u00f3c?<\/h2><a id=\"link_text-9-422\" class=\"ct-link-text mb-10 md-mx-auto\" href=\"mailto:hello@inhausrh.com\"   ><span id=\"span-25-422\" class=\"ct-span\" ><\/span><\/a><\/div><img decoding=\"async\"  id=\"image-10-422\" alt=\"\" src=\"https:\/\/inhaus.mediatictest.com\/wp-content\/uploads\/2024\/04\/globe.svg\" class=\"ct-image md-mx-auto\"\/><\/div><div id=\"div_block-5-422\" class=\"ct-div-block h-full md-gap-8\" ><div id=\"_rich_text-6-422\" class=\"oxy-rich-text mb-8\" ><p>Pierwszy krok do sukcesu zaczyna si\u0119 od prostej rozmowy.<\/p>\n<p>Skontaktuj si\u0119 z nami i dowiedz si\u0119, jak mo\u017cemy wsp&oacute;\u0142pracowa\u0107.<\/p><\/div>\n\t\t<div id=\"-form_widget-32-422\" class=\"oxy-form-widget w-full mt-auto element-slide-down ff-oxy-element\" ><div class='fluentform ff-default fluentform_wrapper_10 ffs_custom_wrap'><form data-form_id=\"10\" id=\"fluentform_10\" class=\"frm-fluent-form fluent_form_10 ff-el-form-top ff_form_instance_10_1 ff-form-loading ffs_custom\" data-form_instance=\"ff_form_instance_10_1\" method=\"POST\" ><fieldset  style=\"border: none!important;margin: 0!important;padding: 0!important;background-color: transparent!important;box-shadow: none!important;outline: none!important; min-inline-size: 100%;\">\n                    <legend class=\"ff_screen_reader_title\" style=\"display: block; margin: 0!important;padding: 0!important;height: 0!important;text-indent: -999999px;width: 0!important;overflow:hidden;\">Formulario Contacto POL<\/legend><input type='hidden' name='__fluent_form_embded_post_id' value='1594' \/><input type=\"hidden\" id=\"_fluentform_10_fluentformnonce\" name=\"_fluentform_10_fluentformnonce\" value=\"546bb63ef4\" \/><input type=\"hidden\" name=\"_wp_http_referer\" value=\"\/pl\/wp-json\/wp\/v2\/pages\/1594\" \/><div data-name=\"ff_cn_id_1\"  class='ff-t-container ff-column-container ff_columns_total_2  '><div class='ff-t-cell ff-t-column-1' style='flex-basis: 50%;'><div data-type=\"name-element\" data-name=\"namepl\" class=\" ff-field_container ff-name-field-wrapper\" ><div class='ff-t-container'><div class='ff-t-cell '><div class='ff-el-group  ff-el-form-hide_label'><div class=\"ff-el-input--label ff-el-is-required asterisk-right\"><label for='ff_10_namepl_first_name_' aria-label=\"Nombre\">Nombre<\/label><\/div><div class='ff-el-input--content'><input type=\"text\" name=\"namepl[first_name]\" id=\"ff_10_namepl_first_name_\" class=\"ff-el-form-control\" placeholder=\"Nazwa *\" aria-invalid=\"false\" aria-required=true><\/div><\/div><\/div><\/div><\/div><\/div><div class='ff-t-cell ff-t-column-2' style='flex-basis: 50%;'><div class='ff-el-group ff-el-form-hide_label'><div class=\"ff-el-input--label ff-el-is-required asterisk-right\"><label for='ff_10_email' aria-label=\"Correo electr\u00f3nico\">Correo electr\u00f3nico<\/label><\/div><div class='ff-el-input--content'><input type=\"email\" name=\"email\" id=\"ff_10_email\" class=\"ff-el-form-control\" placeholder=\"E-mail *\" data-name=\"email\"  aria-invalid=\"false\" aria-required=true><\/div><\/div><\/div><\/div><div data-name=\"ff_cn_id_2\"  class='ff-t-container ff-column-container ff_columns_total_2  '><div class='ff-t-cell ff-t-column-1' style='flex-basis: 50%;'><div class='ff-el-group ff-el-form-hide_label'><div class=\"ff-el-input--label asterisk-right\"><label for='ff_10_phone' aria-label=\"Tel\u00e9fono\">Tel\u00e9fono<\/label><\/div><div class='ff-el-input--content'><input name=\"phone\" class=\"ff-el-form-control ff-el-phone\" type=\"tel\" placeholder=\"Telefon\" data-name=\"phone\" id=\"ff_10_phone\" inputmode=\"tel\"  aria-invalid='false' aria-required=false><\/div><\/div><\/div><div class='ff-t-cell ff-t-column-2' style='flex-basis: 50%;'><div class='ff-el-group ff-el-form-hide_label'><div class=\"ff-el-input--label asterisk-right\"><label for='ff_10_subject' aria-label=\"Pa\u00eds\">Pa\u00eds<\/label><\/div><div class='ff-el-input--content'><input type=\"text\" name=\"subject\" class=\"ff-el-form-control\" placeholder=\"Kraj\" data-name=\"subject\" id=\"ff_10_subject\"  aria-invalid=\"false\" aria-required=false><\/div><\/div><\/div><\/div><div class='ff-el-group ff-el-form-hide_label'><div class=\"ff-el-input--label ff-el-is-required asterisk-right\"><label for='ff_10_message' aria-label=\"Mensaje\">Mensaje<\/label><\/div><div class='ff-el-input--content'><textarea aria-invalid=\"false\" aria-required=true name=\"message\" id=\"ff_10_message\" class=\"ff-el-form-control\" placeholder=\"Opowiedz nam wi\u0119cej *\" rows=\"8\" cols=\"2\" data-name=\"message\" ><\/textarea><\/div><\/div><div class='ff-el-group    ff-el-input--content'><div class='ff-el-form-check ff-el-tc'><label aria-label='terms & conditions' class='ff-el-form-check-label ff_tc_label' for=gdpr-agreement_fc81ac45f9710e600441d3510fa1d847><span class='ff_tc_checkbox'><input type=\"checkbox\" name=\"gdpr-agreement\" class=\"ff-el-form-check-input ff_gdpr_field\" data-name=\"gdpr-agreement\" id=\"gdpr-agreement_fc81ac45f9710e600441d3510fa1d847\"  value='on' aria-invalid='false' aria-required=true><\/span> <div class='ff_t_c'>Przeczyta\u0142em i akceptuj\u0119 <a href=\"https:\/\/inhaus.mediatictest.com\/pl\/polityka-prywatnosci\/\"> Polityk\u0119 Prywatno\u015bci<\/a>.<\/div><\/label><\/div><\/div><div class='ff-el-group ff-text-left ff_submit_btn_wrapper'><button type=\"submit\" class=\"ff-btn ff-btn-submit ff-btn-lg button-dark-color-form  ff_btn_no_style\" >Wy\u015blij <\/button><\/div><\/fieldset><\/form><div id='fluentform_10_errors' class='ff-errors-in-stack ff_form_instance_10_1 ff-form-loading_errors ff_form_instance_10_1_errors'><\/div><\/div>        <script type=\"text\/javascript\">\n            window.fluent_form_ff_form_instance_10_1 = {\"id\":\"10\",\"settings\":{\"layout\":{\"labelPlacement\":\"top\",\"helpMessagePlacement\":\"with_label\",\"errorMessagePlacement\":\"inline\",\"cssClassName\":\"\",\"asteriskPlacement\":\"asterisk-right\"},\"restrictions\":{\"denyEmptySubmission\":{\"enabled\":false}}},\"form_instance\":\"ff_form_instance_10_1\",\"form_id_selector\":\"fluentform_10\",\"rules\":{\"namepl[first_name]\":{\"required\":{\"value\":true,\"message\":\"To pole jest wymagane\\\"\",\"global\":false,\"global_message\":\"This field is required\"}},\"namepl[middle_name]\":{\"required\":{\"value\":false,\"message\":\"This field is required\",\"global\":false,\"global_message\":\"This field is required\"}},\"namepl[last_name]\":{\"required\":{\"value\":false,\"message\":\"This field is required\",\"global\":false,\"global_message\":\"This field is required\"}},\"email\":{\"required\":{\"value\":true,\"message\":\"To pole jest wymagane\\\"\",\"global\":false,\"global_message\":\"This field is required\"},\"email\":{\"value\":true,\"message\":\"Wprowad\\u017a prawid\\u0142owy adres e-mail\",\"global\":false,\"global_message\":\"This field must contain a valid email\"}},\"phone\":{\"required\":{\"value\":false,\"message\":\"This field is required\",\"global\":false,\"global_message\":\"This field is required\"},\"valid_phone_number\":{\"value\":false,\"message\":\"Phone number is not valid\",\"global\":false,\"global_message\":\"Phone number is not valid\"}},\"subject\":{\"required\":{\"value\":false,\"message\":\"This field is required\",\"global\":false,\"global_message\":\"This field is required\"}},\"message\":{\"required\":{\"value\":true,\"message\":\"To pole jest wymagane\\\"\",\"global\":false,\"global_message\":\"This field is required\"}},\"gdpr-agreement\":{\"required\":{\"value\":true,\"message\":\"To pole jest wymagane\\\"\",\"global_message\":\"This field is required\",\"global\":false}}}};\n                    <\/script>\n        <\/div>\n\n\t\t<\/div><\/div><div id=\"code_block-20-422\" class=\"ct-code-block\" ><\/div><\/div><\/section>\n\n<section id=\"section-3-626\" class=\" ct-section section-pt-sm\" ><div class=\"ct-section-inner-wrap\"><div id=\"_dynamic_list-4-626\" class=\"oxy-dynamic-list grid grid-cols-3 gap-16 lg-grid-cols-2 md-grid-cols-1 xl-gap-8\"><div id=\"div_block-5-626-1\" class=\"ct-div-block border-px p-8 border-color lg-grid-cols-2 md-grid-cols-1 md-px-12 fade-in-from-top\" data-id=\"div_block-5-626\"><div id=\"text_block-15-626-1\" class=\"ct-text-block color-primary text-5xl font-headings\" data-id=\"text_block-15-626\"><span id=\"span-26-626\" class=\"ct-span\" ><\/span><\/div><div id=\"text_block-36-626-1\" class=\"ct-text-block color-extra-color-1 mb-8 font-headings text-xl\" data-id=\"text_block-36-626\"><span id=\"span-46-626\" class=\"ct-span\" ><\/span><\/div><div id=\"text_block-56-626-1\" class=\"ct-text-block paragraph-m-0\" data-id=\"text_block-56-626\"><span id=\"span-66-626\" class=\"ct-span\" ><\/span><\/div><div id=\"text_block-98-626-1\" class=\"ct-text-block font-bold\" data-id=\"text_block-98-626\"><span id=\"span-108-626\" class=\"ct-span\" ><\/span><\/div><\/div><div id=\"div_block-5-626-2\" class=\"ct-div-block border-px p-8 border-color lg-grid-cols-2 md-grid-cols-1 md-px-12 fade-in-from-top\" data-id=\"div_block-5-626\"><div id=\"text_block-15-626-2\" class=\"ct-text-block color-primary text-5xl font-headings\" data-id=\"text_block-15-626\"><span id=\"span-26-626\" class=\"ct-span\" ><\/span><\/div><div id=\"text_block-36-626-2\" class=\"ct-text-block color-extra-color-1 mb-8 font-headings text-xl\" data-id=\"text_block-36-626\"><span id=\"span-46-626\" class=\"ct-span\" ><\/span><\/div><div id=\"text_block-56-626-2\" class=\"ct-text-block paragraph-m-0\" data-id=\"text_block-56-626\"><span id=\"span-66-626\" class=\"ct-span\" ><\/span><\/div><div id=\"text_block-98-626-2\" class=\"ct-text-block font-bold\" data-id=\"text_block-98-626\"><span id=\"span-108-626\" class=\"ct-span\" ><\/span><\/div><\/div><div id=\"div_block-5-626-3\" class=\"ct-div-block border-px p-8 border-color lg-grid-cols-2 md-grid-cols-1 md-px-12 fade-in-from-top\" data-id=\"div_block-5-626\"><div id=\"text_block-15-626-3\" class=\"ct-text-block color-primary text-5xl font-headings\" data-id=\"text_block-15-626\"><span id=\"span-26-626\" class=\"ct-span\" ><\/span><\/div><div id=\"text_block-36-626-3\" class=\"ct-text-block color-extra-color-1 mb-8 font-headings text-xl\" data-id=\"text_block-36-626\"><span id=\"span-46-626\" class=\"ct-span\" ><\/span><\/div><div id=\"text_block-56-626-3\" class=\"ct-text-block paragraph-m-0\" data-id=\"text_block-56-626\"><span id=\"span-66-626\" class=\"ct-span\" ><\/span><\/div><div id=\"text_block-98-626-3\" class=\"ct-text-block font-bold\" data-id=\"text_block-98-626\"><span id=\"span-108-626\" class=\"ct-span\" ><\/span><\/div><\/div><div id=\"div_block-5-626-4\" class=\"ct-div-block border-px p-8 border-color lg-grid-cols-2 md-grid-cols-1 md-px-12 fade-in-from-top\" data-id=\"div_block-5-626\"><div id=\"text_block-15-626-4\" class=\"ct-text-block color-primary text-5xl font-headings\" data-id=\"text_block-15-626\"><span id=\"span-26-626\" class=\"ct-span\" ><\/span><\/div><div id=\"text_block-36-626-4\" class=\"ct-text-block color-extra-color-1 mb-8 font-headings text-xl\" data-id=\"text_block-36-626\"><span id=\"span-46-626\" class=\"ct-span\" ><\/span><\/div><div id=\"text_block-56-626-4\" class=\"ct-text-block paragraph-m-0\" data-id=\"text_block-56-626\"><span id=\"span-66-626\" class=\"ct-span\" ><\/span><\/div><div id=\"text_block-98-626-4\" class=\"ct-text-block font-bold\" data-id=\"text_block-98-626\"><span id=\"span-108-626\" class=\"ct-span\" ><\/span><\/div><\/div><div id=\"div_block-5-626-5\" class=\"ct-div-block border-px p-8 border-color lg-grid-cols-2 md-grid-cols-1 md-px-12 fade-in-from-top\" data-id=\"div_block-5-626\"><div id=\"text_block-15-626-5\" class=\"ct-text-block color-primary text-5xl font-headings\" data-id=\"text_block-15-626\"><span id=\"span-26-626\" class=\"ct-span\" ><\/span><\/div><div id=\"text_block-36-626-5\" class=\"ct-text-block color-extra-color-1 mb-8 font-headings text-xl\" data-id=\"text_block-36-626\"><span id=\"span-46-626\" class=\"ct-span\" ><\/span><\/div><div id=\"text_block-56-626-5\" class=\"ct-text-block paragraph-m-0\" data-id=\"text_block-56-626\"><span id=\"span-66-626\" class=\"ct-span\" ><\/span><\/div><div id=\"text_block-98-626-5\" class=\"ct-text-block font-bold\" data-id=\"text_block-98-626\"><span id=\"span-108-626\" class=\"ct-span\" ><\/span><\/div><\/div><div id=\"div_block-5-626-6\" class=\"ct-div-block border-px p-8 border-color lg-grid-cols-2 md-grid-cols-1 md-px-12 fade-in-from-top\" data-id=\"div_block-5-626\"><div id=\"text_block-15-626-6\" class=\"ct-text-block color-primary text-5xl font-headings\" data-id=\"text_block-15-626\"><span id=\"span-26-626\" class=\"ct-span\" ><\/span><\/div><div id=\"text_block-36-626-6\" class=\"ct-text-block color-extra-color-1 mb-8 font-headings text-xl\" data-id=\"text_block-36-626\"><span id=\"span-46-626\" class=\"ct-span\" ><\/span><\/div><div id=\"text_block-56-626-6\" class=\"ct-text-block paragraph-m-0\" data-id=\"text_block-56-626\"><span id=\"span-66-626\" class=\"ct-span\" ><\/span><\/div><div id=\"text_block-98-626-6\" class=\"ct-text-block font-bold\" data-id=\"text_block-98-626\"><span id=\"span-108-626\" class=\"ct-span\" ><\/span><\/div><\/div><div id=\"div_block-5-626-7\" class=\"ct-div-block border-px p-8 border-color lg-grid-cols-2 md-grid-cols-1 md-px-12 fade-in-from-top\" data-id=\"div_block-5-626\"><div id=\"text_block-15-626-7\" class=\"ct-text-block color-primary text-5xl font-headings\" data-id=\"text_block-15-626\"><span id=\"span-26-626\" class=\"ct-span\" ><\/span><\/div><div id=\"text_block-36-626-7\" class=\"ct-text-block color-extra-color-1 mb-8 font-headings text-xl\" data-id=\"text_block-36-626\"><span id=\"span-46-626\" class=\"ct-span\" ><\/span><\/div><div id=\"text_block-56-626-7\" class=\"ct-text-block paragraph-m-0\" data-id=\"text_block-56-626\"><span id=\"span-66-626\" class=\"ct-span\" ><\/span><\/div><div id=\"text_block-98-626-7\" class=\"ct-text-block font-bold\" data-id=\"text_block-98-626\"><span id=\"span-108-626\" class=\"ct-span\" ><\/span><\/div><\/div><div id=\"div_block-5-626-8\" class=\"ct-div-block border-px p-8 border-color lg-grid-cols-2 md-grid-cols-1 md-px-12 fade-in-from-top\" data-id=\"div_block-5-626\"><div id=\"text_block-15-626-8\" class=\"ct-text-block color-primary text-5xl font-headings\" data-id=\"text_block-15-626\"><span id=\"span-26-626\" class=\"ct-span\" ><\/span><\/div><div id=\"text_block-36-626-8\" class=\"ct-text-block color-extra-color-1 mb-8 font-headings text-xl\" data-id=\"text_block-36-626\"><span id=\"span-46-626\" class=\"ct-span\" ><\/span><\/div><div id=\"text_block-56-626-8\" class=\"ct-text-block paragraph-m-0\" data-id=\"text_block-56-626\"><span id=\"span-66-626\" class=\"ct-span\" ><\/span><\/div><div id=\"text_block-98-626-8\" class=\"ct-text-block font-bold\" data-id=\"text_block-98-626\"><span id=\"span-108-626\" class=\"ct-span\" ><\/span><\/div><\/div>                    \n                                            \n                                        \n                    <\/div>\n<\/div><\/section>","protected":false},"excerpt":{"rendered":"","protected":false},"author":1,"featured_media":0,"parent":0,"menu_order":0,"comment_status":"closed","ping_status":"closed","template":"","meta":{"_acf_changed":false,"footnotes":""},"class_list":["post-1594","page","type-page","status-publish","hentry"],"acf":[],"_links":{"self":[{"href":"https:\/\/inhaus.mediatictest.com\/pl\/wp-json\/wp\/v2\/pages\/1594","targetHints":{"allow":["GET"]}}],"collection":[{"href":"https:\/\/inhaus.mediatictest.com\/pl\/wp-json\/wp\/v2\/pages"}],"about":[{"href":"https:\/\/inhaus.mediatictest.com\/pl\/wp-json\/wp\/v2\/types\/page"}],"author":[{"embeddable":true,"href":"https:\/\/inhaus.mediatictest.com\/pl\/wp-json\/wp\/v2\/users\/1"}],"replies":[{"embeddable":true,"href":"https:\/\/inhaus.mediatictest.com\/pl\/wp-json\/wp\/v2\/comments?post=1594"}],"version-history":[{"count":3,"href":"https:\/\/inhaus.mediatictest.com\/pl\/wp-json\/wp\/v2\/pages\/1594\/revisions"}],"predecessor-version":[{"id":1677,"href":"https:\/\/inhaus.mediatictest.com\/pl\/wp-json\/wp\/v2\/pages\/1594\/revisions\/1677"}],"wp:attachment":[{"href":"https:\/\/inhaus.mediatictest.com\/pl\/wp-json\/wp\/v2\/media?parent=1594"}],"curies":[{"name":"wp","href":"https:\/\/api.w.org\/{rel}","templated":true}]}}