{"id":1597,"date":"2024-03-01T16:46:55","date_gmt":"2024-03-01T16:46:55","guid":{"rendered":"https:\/\/inhaus.mediatictest.com\/privacy-policy\/"},"modified":"2024-04-19T11:52:21","modified_gmt":"2024-04-19T11:52:21","slug":"polityka-prywatnosci","status":"publish","type":"page","link":"https:\/\/inhaus.mediatictest.com\/pl\/polityka-prywatnosci\/","title":{"rendered":"Polityka prywatno\u015bci"},"content":{"rendered":"\n<h2 class=\"wp-block-heading\">Who we are<\/h2>\n\n\n\n<p>INHAUS informuje o swojej Polityce prywatno\u015bci dotycz\u0105cej przetwarzania i ochrony danych osobowych u\u017cytkownik\u00f3w i klient\u00f3w, kt\u00f3re mog\u0105 by\u0107 gromadzone podczas przegl\u0105dania lub zamawiania us\u0142ug za po\u015brednictwem strony internetowej <a href=\"http:\/\/www.inhausrh.com\">www.inhausrh.com<\/a>.<\/p>\n\n\n\n<p>W tym zakresie Administrator Danychgwarantuje zgodno\u015b\u0107 z obowi\u0105zuj\u0105cymi przepisami dotycz\u0105cymi ochrony danych osobowych, odzwierciedlonymi w ustawie organicznej 3\/2018 z dnia 5 grudnia o ochronie danych osobowych i gwarancji praw cyfrowych (LOPD GDD). Jest r\u00f3wnie\u017c zgodny z rozporz\u0105dzeniem Parlamentu Europejskiego i Rady (UE) 2016\/679 z dnia 27 kwietnia 2016 r. w sprawie ochrony os\u00f3b fizycznych (RODO).<\/p>\n\n\n\n<p>Korzystanie z witryny oznacza akceptacj\u0119 niniejszej Polityki prywatno\u015bci, a tak\u017ce warunk\u00f3w zawartych w Nocie prawnej.<\/p>\n\n\n\n<p><\/p>\n\n\n\n<h2 class=\"wp-block-heading\"><strong>To\u017csamo\u015b\u0107 osoby odpowiedzialnej<\/strong><\/h2>\n\n\n\n<p>- Posiadacz: Gimena Uhrich<\/p>\n\n\n\n<p>- Adres: Pla\u00e7a de Gal-la Plac\u00eddia, 1, 3, 08006 Barcelona<\/p>\n\n\n\n<p>- E-mail: <a href=\"mailto:hola@inhausrh.com\">hello@inhausrh.com<\/a><\/p>\n\n\n\n<p>- Strona internetowa: <a href=\"http:\/\/www.inhausrh.com\">www.inhausrh.com<\/a><\/p>\n\n\n\n<p><\/p>\n\n\n\n<h2 class=\"wp-block-heading\"><strong>Zasady stosowane w przetwarzaniu danych<\/strong><\/h2>\n\n\n\n<p>Przetwarzaj\u0105c dane osobowe u\u017cytkownika, administrator danych b\u0119dzie stosowa\u0107 nast\u0119puj\u0105ce zasady, kt\u00f3re s\u0105 zgodne z wymogami nowego europejskiego rozporz\u0105dzenia o ochronie danych:&nbsp;<\/p>\n\n\n\n<p>- Zasada zgodno\u015bci z prawem, uczciwo\u015bci i przejrzysto\u015bci: Administrator danych zawsze b\u0119dzie wymaga\u0142 zgody na przetwarzanie danych osobowych u\u017cytkownika, kt\u00f3re mo\u017ce mie\u0107 jeden lub wi\u0119cej konkretnych cel\u00f3w, o kt\u00f3rych u\u017cytkownik zostanie poinformowany z wyprzedzeniem z zachowaniem ca\u0142kowitej przejrzysto\u015bci.<\/p>\n\n\n\n<p>- Zasada minimalizacji danych: Administrator Danych b\u0119dzie \u017c\u0105da\u0107 od u\u017cytkownika wy\u0142\u0105cznie danych \u015bci\u015ble niezb\u0119dnych do celu lub cel\u00f3w, dla kt\u00f3rych s\u0105 one wymagane.<\/p>\n\n\n\n<p>- Zasada ograniczenia okresu przechowywania: Dane b\u0119d\u0105 przechowywane przez okres \u015bci\u015ble niezb\u0119dny do realizacji celu (cel\u00f3w) przetwarzania.<\/p>\n\n\n\n<p>Administrator danych poinformuje u\u017cytkownika o odpowiednim okresie przechowywania w zale\u017cno\u015bci od celu. W przypadku subskrypcji administrator danych b\u0119dzie okresowo przegl\u0105da\u0107 listy i usuwa\u0107 te rekordy, kt\u00f3re by\u0142y nieaktywne przez d\u0142u\u017cszy czas.<\/p>\n\n\n\n<p>- &nbsp;Zasada integralno\u015bci i poufno\u015bci: Dane u\u017cytkownika b\u0119d\u0105 przetwarzane w spos\u00f3b gwarantuj\u0105cy ich bezpiecze\u0144stwo, poufno\u015b\u0107 i integralno\u015b\u0107. Powiniene\u015b wiedzie\u0107, \u017ce Administrator danych podejmuje niezb\u0119dne \u015brodki ostro\u017cno\u015bci, aby zapobiec nieautoryzowanemu dost\u0119powi lub niew\u0142a\u015bciwemu wykorzystaniu danych u\u017cytkownik\u00f3w przez osoby trzecie.<\/p>\n\n\n\n<p>Gromadzenie danych osobowych<\/p>\n\n\n\n<p>U\u017cytkownik nie musi podawa\u0107 \u017cadnych danych osobowych, aby przegl\u0105da\u0107 stron\u0119 www.inhausrh.com. Przypadki, w kt\u00f3rych u\u017cytkownik podaje swoje dane osobowe, s\u0105 nast\u0119puj\u0105ce:<\/p>\n\n\n\n<p>- Kontaktuj\u0105c si\u0119 z nami za po\u015brednictwem formularzy kontaktowych lub wysy\u0142aj\u0105c wiadomo\u015b\u0107 e-mail.<\/p>\n\n\n\n<p>- Podczas komentowania artyku\u0142u lub strony.<\/p>\n\n\n\n<p>- Podczas rejestracji w formularzu subskrypcji lub newsletterze, kt\u00f3rym W\u0142a\u015bciciel zarz\u0105dza za pomoc\u0105 Doppler.<\/p>\n\n\n\n<p><\/p>\n\n\n\n<p><\/p>\n\n\n\n<h2 class=\"wp-block-heading\"><strong>Twoje prawa<\/strong><\/h2>\n\n\n\n<p>Administrator danych informuje, \u017ce u\u017cytkownik ma prawo dost\u0119pu do swoich danych osobowych:<\/p>\n\n\n\n<p>- \u017b\u0105danie dost\u0119pu do przechowywanych danych.<\/p>\n\n\n\n<p>- &nbsp;\u017b\u0105danie sprostowania lub anulowania.<\/p>\n\n\n\n<p>- \u017b\u0105da\u0107 ograniczenia ich przetwarzania.<\/p>\n\n\n\n<p>- Sprzeciw wobec przetwarzania danych.<\/p>\n\n\n\n<p>- \u017b\u0105danie przeniesienia swoich danych.<\/p>\n\n\n\n<p>Korzystanie z tych praw ma charakter osobisty i dlatego musi by\u0107 wykonywane bezpo\u015brednio przez zainteresowan\u0105 stron\u0119, zwracaj\u0105c\u0105 si\u0119 o to bezpo\u015brednio do Administratora Danych, co oznacza, \u017ce ka\u017cdy klient, subskrybent lub wsp\u00f3\u0142pracownik, kt\u00f3ry przekaza\u0142 swoje dane w dowolnym momencie, mo\u017ce skontaktowa\u0107 si\u0119 z Administratorem Danych i za\u017c\u0105da\u0107 informacji o przechowywanych danych i sposobie ich uzyskania, za\u017c\u0105da\u0107 ich sprostowania, za\u017c\u0105da\u0107 przeniesienia swoich danych osobowych, sprzeciwi\u0107 si\u0119 przetwarzaniu, ograniczy\u0107 ich wykorzystanie lub za\u017c\u0105da\u0107 usuni\u0119cia takich danych z plik\u00f3w Administratora Danych. Aby skorzysta\u0107 z prawa dost\u0119pu, sprostowania, anulowania, przenoszenia i sprzeciwu, nale\u017cy wys\u0142a\u0107 wiadomo\u015b\u0107 e-mail na adres <a href=\"mailto:hello@inhausrh.com\">hello@inhausrh.com<\/a> wraz z wa\u017cnym dowodem prawnym, takim jak kserokopia dowodu osobistego lub jego odpowiednika.<\/p>\n\n\n\n<p>U\u017cytkownik ma prawo do skutecznej ochrony s\u0105dowej i wniesienia skargi do organu nadzorczego, w tym przypadku Hiszpa\u0144skiej Agencji Ochrony Danych, je\u015bli uzna, \u017ce przetwarzanie dotycz\u0105cych go danych osobowych narusza przepisy rozporz\u0105dzenia.<\/p>\n\n\n\n<p><\/p>\n\n\n\n<p><\/p>\n\n\n\n<h2 class=\"wp-block-heading\"><strong>Cel przetwarzania danych osobowych<\/strong><\/h2>\n\n\n\n<p>\u0141\u0105cz\u0105c si\u0119 ze stron\u0105 internetow\u0105 w celu wys\u0142ania wiadomo\u015bci e-mail do W\u0142a\u015bciciela, subskrypcji biuletynu lub zawarcia umowy, U\u017cytkownik podaje dane osobowe, za kt\u00f3re W\u0142a\u015bciciel ponosi odpowiedzialno\u015b\u0107. Informacje te mog\u0105 obejmowa\u0107 dane osobowe, takie jak adres IP, imi\u0119 i nazwisko, adres fizyczny, adres e-mail, numer telefonu i inne informacje. Podaj\u0105c te informacje, u\u017cytkownik wyra\u017ca zgod\u0119 na ich gromadzenie, wykorzystywanie, zarz\u0105dzanie i przechowywanie przez superadmin.es wy\u0142\u0105cznie w spos\u00f3b opisany w nocie prawnej i niniejszej Polityce prywatno\u015bci.<\/p>\n\n\n\n<p>Dane osobowe i cel ich przetwarzania przez osob\u0119, kt\u00f3rej dane dotycz\u0105, r\u00f3\u017cni\u0105 si\u0119 w zale\u017cno\u015bci od systemu gromadzenia informacji:&nbsp;<\/p>\n\n\n\n<p>- Formularze kontaktowe: Posiadacz prosi o podanie danych osobowych, kt\u00f3re mog\u0105 obejmowa\u0107: imi\u0119 i nazwisko, adres e-mail, numer telefonu i adres strony internetowej w celu udzielenia odpowiedzi na zapytania.<\/p>\n\n\n\n<p>Administrator danych wykorzystuje te dane na przyk\u0142ad w celu odpowiadania na wiadomo\u015bci, w\u0105tpliwo\u015bci, skargi, komentarze lub obawy dotycz\u0105ce informacji zawartych w Serwisie, us\u0142ug \u015bwiadczonych za po\u015brednictwem Serwisu, przetwarzania danych osobowych, pyta\u0144 dotycz\u0105cych tekst\u00f3w prawnych zawartych w Serwisie, a tak\u017ce wszelkich innych zapyta\u0144, kt\u00f3re mog\u0105 mie\u0107, a kt\u00f3re nie podlegaj\u0105 warunkom Serwisu lub umowy.<\/p>\n\n\n\n<p>- Formularze subskrypcji tre\u015bci: W\u0142a\u015bciciel prosi o podanie nast\u0119puj\u0105cych danych osobowych: imi\u0119 i nazwisko, adres e-mail, numer telefonu i adres strony internetowej w celu zarz\u0105dzania list\u0105 subskrypcji, wysy\u0142ania biuletyn\u00f3w, promocji i ofert specjalnych.<\/p>\n\n\n\n<p>Dane przekazane Administratorowi Danych b\u0119d\u0105 znajdowa\u0107 si\u0119 na serwerach The Rocket Science Group LLC d\/b\/a z siedzib\u0105 w USA (Mailchimp).<\/p>\n\n\n\n<p>Istniej\u0105 inne cele przetwarzania danych osobowych przez Administratora Danych:<\/p>\n\n\n\n<p>- Zapewnienie zgodno\u015bci z warunkami okre\u015blonymi w nocie prawnej i obowi\u0105zuj\u0105cym prawem. Mo\u017ce to obejmowa\u0107 opracowanie narz\u0119dzi i algorytm\u00f3w, kt\u00f3re pomog\u0105 tej witrynie zapewni\u0107 poufno\u015b\u0107 gromadzonych danych osobowych.<\/p>\n\n\n\n<p>- Aby wspiera\u0107 i ulepsza\u0107 us\u0142ugi oferowane przez t\u0119 witryn\u0119.<\/p>\n\n\n\n<p>- Aby analizowa\u0107 przegl\u0105danie. W\u0142a\u015bciciel gromadzi inne nieidentyfikuj\u0105ce dane uzyskane za pomoc\u0105 plik\u00f3w cookie, kt\u00f3re s\u0105 pobierane na komputer u\u017cytkownika podczas przegl\u0105dania strony internetowej, kt\u00f3rych charakterystyka i cel s\u0105 szczeg\u00f3\u0142owo opisane w Polityce plik\u00f3w cookie.<\/p>\n\n\n\n<p>- Zarz\u0105dzanie sieciami spo\u0142eczno\u015bciowymi. Administrator danych jest obecny w sieciach spo\u0142eczno\u015bciowych. Je\u015bli u\u017cytkownik zostanie obserwatorem w sieciach spo\u0142eczno\u015bciowych Administratora, przetwarzanie danych osobowych b\u0119dzie podlega\u0107 niniejszej sekcji, a tak\u017ce tym warunkom u\u017cytkowania, politykom prywatno\u015bci i regulaminom dost\u0119pu, kt\u00f3re nale\u017c\u0105 do sieci spo\u0142eczno\u015bciowej, kt\u00f3ra ma zastosowanie w ka\u017cdym przypadku i kt\u00f3re u\u017cytkownik wcze\u015bniej zaakceptowa\u0142. U\u017cytkownik mo\u017ce zapozna\u0107 si\u0119 z politykami prywatno\u015bci g\u0142\u00f3wnych sieci spo\u0142eczno\u015bciowych, korzystaj\u0105c z poni\u017cszych link\u00f3w:<\/p>\n\n\n\n<p>- Facebook: <a href=\"https:\/\/www.facebook.com\/inhausrh\/\" target=\"_blank\" rel=\"noreferrer noopener\">https:\/\/www.facebook.com\/inhausrh\/<\/a><\/p>\n\n\n\n<p>- Twitter: <a href=\"https:\/\/twitter.com\/inhausrh\" target=\"_blank\" rel=\"noreferrer noopener\">https:\/\/twitter.com\/inhausrh<\/a><\/p>\n\n\n\n<p>- Linkedin: <a href=\"https:\/\/www.linkedin.com\/company\/inhausrh\/\" target=\"_blank\" rel=\"noreferrer noopener\">https:\/\/www.linkedin.com\/company\/inhausrh\/<\/a><\/p>\n\n\n\n<p>- Instagram: <a href=\"https:\/\/www.instagram.com\/inhaus_rh\/\" target=\"_blank\" rel=\"noreferrer noopener\">https:\/\/www.instagram.com\/inhaus_rh\/<\/a><\/p>\n\n\n\n<p>W\u0142a\u015bciciel b\u0119dzie przetwarza\u0142 dane osobowe u\u017cytkownika w celu prawid\u0142owego zarz\u0105dzania swoj\u0105 obecno\u015bci\u0105 w sieci spo\u0142eczno\u015bciowej, informowania u\u017cytkownika o swoich dzia\u0142aniach, produktach lub us\u0142ugach, a tak\u017ce w ka\u017cdym innym celu, na kt\u00f3ry zezwalaj\u0105 przepisy sieci spo\u0142eczno\u015bciowych.<\/p>\n\n\n\n<p>Administrator danych w \u017cadnym wypadku nie b\u0119dzie wykorzystywa\u0142 profili obserwuj\u0105cych w sieciach spo\u0142eczno\u015bciowych do wysy\u0142ania reklam na zasadzie indywidualnej.<\/p>\n\n\n\n<p><\/p>\n\n\n\n<h2 class=\"wp-block-heading\"><strong>Bezpiecze\u0144stwo danych osobowych<\/strong><\/h2>\n\n\n\n<p>Aby chroni\u0107 dane osobowe u\u017cytkownika, Administrator Danych podejmuje wszelkie uzasadnione \u015brodki ostro\u017cno\u015bci i stosuje najlepsze praktyki bran\u017cowe, aby zapobiec utracie, niew\u0142a\u015bciwemu wykorzystaniu, nieodpowiedniemu dost\u0119powi, ujawnieniu, zmianie lub zniszczeniu danych osobowych u\u017cytkownika.<\/p>\n\n\n\n<p>Witryna jest hostowana przez Raiola Network. Bezpiecze\u0144stwo Twoich danych jest gwarantowane, poniewa\u017c firma ta podejmuje wszelkie niezb\u0119dne \u015brodki bezpiecze\u0144stwa. Wi\u0119cej informacji mo\u017cna znale\u017a\u0107 w ich polityce prywatno\u015bci.<\/p>\n\n\n\n<p><\/p>\n\n\n\n<h2 class=\"wp-block-heading\"><strong>Zawarto\u015b\u0107 z innych stron internetowych<\/strong><\/h2>\n\n\n\n<p>Strony w tej witrynie mog\u0105 zawiera\u0107 osadzone tre\u015bci (np. filmy, obrazy, artyku\u0142y itp.). Osadzone tre\u015bci z innych witryn zachowuj\u0105 si\u0119 dok\u0142adnie tak samo, jak w przypadku odwiedzenia innej witryny.<\/p>\n\n\n\n<p>Witryny te mog\u0105 gromadzi\u0107 dane o u\u017cytkowniku, wykorzystywa\u0107 pliki cookie, osadza\u0107 dodatkowy kod \u015bledzenia pochodz\u0105cy od stron trzecich i monitorowa\u0107 interakcje u\u017cytkownika przy u\u017cyciu tego kodu.<\/p>\n\n\n\n<p>Wszelkie spory lub roszczenia wynikaj\u0105ce z Polityki Prywatno\u015bci lub z ni\u0105 zwi\u0105zane podlegaj\u0105 prawu europejskiemu. Wszelkie dzia\u0142ania prawne b\u0119d\u0105 prowadzone w Hiszpanii.<\/p>\n","protected":false},"excerpt":{"rendered":"<p>Who we are INHAUS informuje o swojej Polityce prywatno\u015bci dotycz\u0105cej przetwarzania i ochrony danych osobowych u\u017cytkownik\u00f3w i klient\u00f3w, kt\u00f3re mog\u0105 by\u0107 gromadzone podczas przegl\u0105dania lub zamawiania us\u0142ug za po\u015brednictwem strony internetowej www.inhausrh.com. W tym zakresie Administrator Danychgwarantuje zgodno\u015b\u0107 z obowi\u0105zuj\u0105cymi przepisami dotycz\u0105cymi ochrony danych osobowych, odzwierciedlonymi w ustawie organicznej 3\/2018 z dnia 5 grudnia o [&hellip;]<\/p>\n","protected":false},"author":1,"featured_media":0,"parent":0,"menu_order":0,"comment_status":"closed","ping_status":"open","template":"","meta":{"_acf_changed":false,"footnotes":""},"class_list":["post-1597","page","type-page","status-publish","hentry"],"acf":[],"_links":{"self":[{"href":"https:\/\/inhaus.mediatictest.com\/pl\/wp-json\/wp\/v2\/pages\/1597","targetHints":{"allow":["GET"]}}],"collection":[{"href":"https:\/\/inhaus.mediatictest.com\/pl\/wp-json\/wp\/v2\/pages"}],"about":[{"href":"https:\/\/inhaus.mediatictest.com\/pl\/wp-json\/wp\/v2\/types\/page"}],"author":[{"embeddable":true,"href":"https:\/\/inhaus.mediatictest.com\/pl\/wp-json\/wp\/v2\/users\/1"}],"replies":[{"embeddable":true,"href":"https:\/\/inhaus.mediatictest.com\/pl\/wp-json\/wp\/v2\/comments?post=1597"}],"version-history":[{"count":3,"href":"https:\/\/inhaus.mediatictest.com\/pl\/wp-json\/wp\/v2\/pages\/1597\/revisions"}],"predecessor-version":[{"id":1668,"href":"https:\/\/inhaus.mediatictest.com\/pl\/wp-json\/wp\/v2\/pages\/1597\/revisions\/1668"}],"wp:attachment":[{"href":"https:\/\/inhaus.mediatictest.com\/pl\/wp-json\/wp\/v2\/media?parent=1597"}],"curies":[{"name":"wp","href":"https:\/\/api.w.org\/{rel}","templated":true}]}}