{"id":1600,"date":"2024-04-04T01:42:28","date_gmt":"2024-04-04T01:42:28","guid":{"rendered":"https:\/\/inhaus.mediatictest.com\/cookie-policy\/"},"modified":"2024-04-19T11:52:43","modified_gmt":"2024-04-19T11:52:43","slug":"polityka-dotyczaca-plikow-cookie","status":"publish","type":"page","link":"https:\/\/inhaus.mediatictest.com\/pl\/polityka-dotyczaca-plikow-cookie\/","title":{"rendered":"Polityka dotycz\u0105ca plik\u00f3w cookie"},"content":{"rendered":"\n<p>Aby ta witryna dzia\u0142a\u0142a poprawnie, musi wykorzystywa\u0107 pliki cookie, czyli informacje przechowywane w przegl\u0105darce internetowej. Na stronie Polityka plik\u00f3w cookie mo\u017cna zapozna\u0107 si\u0119 ze wszystkimi informacjami dotycz\u0105cymi polityki gromadzenia, celu i przetwarzania plik\u00f3w cookie.<\/p>\n\n\n\n<h2 class=\"wp-block-heading\"><strong>Legalno\u015b\u0107 przetwarzania danych<\/strong><\/h2>\n\n\n\n<p>Podstaw\u0105 prawn\u0105 przetwarzania danych u\u017cytkownika jest zgoda.<\/p>\n\n\n\n<p>Aby skontaktowa\u0107 si\u0119 z W\u0142a\u015bcicielem, zapisa\u0107 si\u0119 do newslettera lub komentowa\u0107 na tej stronie, musisz zaakceptowa\u0107 niniejsz\u0105 Polityk\u0119 prywatno\u015bci. Kategorie danych osobowych<\/p>\n\n\n\n<p>Kategorie danych osobowych przetwarzanych przez Administratora Danych to:<\/p>\n\n\n\n<p>- Dane identyfikacyjne.<\/p>\n\n\n\n<h2 class=\"wp-block-heading\"><strong>Zatrzymywanie danych osobowych<\/strong><\/h2>\n\n\n\n<p>Dane osobowe przekazane Administratorowi Danych b\u0119d\u0105 przechowywane do momentu za\u017c\u0105dania ich usuni\u0119cia. Odbiorcy danych osobowych - Mailchimp The Rocket Science Group LLC d\/b\/a z siedzib\u0105 w USA. Wi\u0119cej informacji mo\u017cna znale\u017a\u0107 na stronie: https:\/\/mailchimp.com The Rocket Science Group LLC d\/b\/a przetwarza dane w celu \u015bwiadczenia us\u0142ug poczty elektronicznej na rzecz Administratora danych. - Google Analytics to us\u0142uga analityki internetowej \u015bwiadczona przez Google, Inc., sp\u00f3\u0142k\u0119 prawa stanu Delaware z siedzib\u0105 pod adresem 1600 Amphitheatre Parkway, Mountain View (Kalifornia), CA 94043, Stany Zjednoczone (\"Google\"). Wi\u0119cej informacji mo\u017cna znale\u017a\u0107 na stronie: https:\/\/analytics.google.com<\/p>\n\n\n\n<p>Google Analytics wykorzystuje \"cookies\", czyli pliki tekstowe umieszczane na komputerze u\u017cytkownika w celu umo\u017cliwienia operatorowi witryny przeanalizowania sposobu, w jaki u\u017cytkownicy korzystaj\u0105 z witryny. Informacje generowane przez pliki cookie na temat korzystania z witryny przez u\u017cytkownika (w tym jego adres IP) b\u0119d\u0105 przekazywane firmie Google i przechowywane przez ni\u0105 na serwerach w Stanach Zjednoczonych. - DoubleClick by Google to zestaw us\u0142ug reklamowych \u015bwiadczonych przez Google, Inc., sp\u00f3\u0142k\u0119 prawa stanu Delaware z siedzib\u0105 pod adresem 1600 Amphitheatre Parkway, Mountain View (Kalifornia), CA 94043, Stany Zjednoczone (\"Google\").<\/p>\n\n\n\n<p>Wi\u0119cej informacji: <a href=\"https:\/\/www.doubleclickbygoogle.com\" target=\"_blank\" rel=\"noreferrer noopener\">https:\/\/www.doubleclickbygoogle.com<\/a><\/p>\n\n\n\n<p>DoubleClick u\u017cywa plik\u00f3w \"cookies\", czyli plik\u00f3w tekstowych umieszczanych na komputerze u\u017cytkownika w celu zwi\u0119kszenia trafno\u015bci reklam zwi\u0105zanych z jego ostatnimi wyszukiwaniami. Polityka prywatno\u015bci Google wyja\u015bnia, w jaki spos\u00f3b Google zarz\u0105dza prywatno\u015bci\u0105 u\u017cytkownika w zakresie korzystania z plik\u00f3w cookie i innych informacji. Mo\u017cesz r\u00f3wnie\u017c zobaczy\u0107 list\u0119 rodzaj\u00f3w plik\u00f3w cookie u\u017cywanych przez Google i jej partner\u00f3w oraz informacje o korzystaniu przez nich z reklamowych plik\u00f3w cookie. Przegl\u0105danie stron internetowych<\/p>\n\n\n\n<p>Podczas przegl\u0105dania strony www.inhausrh.com mog\u0105 by\u0107 gromadzone dane nieidentyfikuj\u0105ce, kt\u00f3re mog\u0105 obejmowa\u0107 adres IP, geolokalizacj\u0119, zapis sposobu korzystania z us\u0142ug i witryn, nawyki przegl\u0105dania i inne dane, kt\u00f3rych nie mo\u017cna wykorzysta\u0107 do identyfikacji u\u017cytkownika.<\/p>\n\n\n\n<p>Witryna korzysta z nast\u0119puj\u0105cych zewn\u0119trznych us\u0142ug analitycznych:<\/p>\n\n\n\n<p>- Google Analytics<\/p>\n\n\n\n<p>- DoubleClick by Google<\/p>\n\n\n\n<p>W\u0142a\u015bciciel wykorzystuje uzyskane informacje do uzyskiwania danych statystycznych, analizowania trend\u00f3w, administrowania witryn\u0105, badania wzorc\u00f3w przegl\u0105dania i gromadzenia informacji demograficznych.&nbsp;<\/p>\n\n\n\n<h2 class=\"wp-block-heading\"><strong>Dok\u0142adno\u015b\u0107 i prawdziwo\u015b\u0107 danych osobowych<\/strong><\/h2>\n\n\n\n<p>U\u017cytkownik zobowi\u0105zuje si\u0119, \u017ce dane przekazane Posiadaczowi s\u0105 prawid\u0142owe, kompletne, dok\u0142adne i aktualne, a tak\u017ce do ich nale\u017cytej aktualizacji. Jako u\u017cytkownik strony internetowej ponosisz wy\u0142\u0105czn\u0105 odpowiedzialno\u015b\u0107 za prawdziwo\u015b\u0107 i dok\u0142adno\u015b\u0107 danych, kt\u00f3re przesy\u0142asz na stron\u0119, zwalniaj\u0105c Posiadacza z jakiejkolwiek odpowiedzialno\u015bci w tym zakresie.<\/p>\n\n\n\n<h2 class=\"wp-block-heading\"><strong>Akceptacja i zgoda<\/strong><\/h2>\n\n\n\n<p>Jako U\u017cytkownik Serwisu o\u015bwiadczasz, \u017ce zosta\u0142e\u015b poinformowany o warunkach ochrony danych osobowych, akceptujesz i wyra\u017casz zgod\u0119 na przetwarzanie tych danych przez W\u0142a\u015bciciela w spos\u00f3b i w celach wskazanych w niniejszej Polityce Prywatno\u015bci.<\/p>\n\n\n\n<h2 class=\"wp-block-heading\"><strong>Mo\u017cliwo\u015b\u0107 odwo\u0142ania<\/strong><\/h2>\n\n\n\n<p>Aby skorzysta\u0107 z prawa dost\u0119pu, sprostowania, anulowania, przenoszenia i sprzeciwu, nale\u017cy wys\u0142a\u0107 wiadomo\u015b\u0107 e-mail na adres <a href=\"mailto:hello@inhausrh.com\">hello@inhausrh.com<\/a> wraz z wa\u017cnym dowodem prawnym, takim jak kserokopia dowodu osobistego lub jego odpowiednika.<\/p>\n\n\n\n<p>Wykonywanie praw u\u017cytkownika nie obejmuje \u017cadnych danych, kt\u00f3re Administrator Danych jest zobowi\u0105zany zachowa\u0107 do cel\u00f3w administracyjnych, prawnych lub bezpiecze\u0144stwa.<\/p>\n\n\n\n<h2 class=\"wp-block-heading\"><strong>Zmiany w Polityce prywatno\u015bci<\/strong><\/h2>\n\n\n\n<p>W\u0142a\u015bciciel zastrzega sobie prawo do zmiany niniejszej Polityki prywatno\u015bci w celu dostosowania jej do nowych przepis\u00f3w prawa lub orzecznictwa, a tak\u017ce do praktyk bran\u017cowych. Niniejsze zasady pozostaj\u0105 w mocy do czasu ich modyfikacji przez inne nale\u017cycie opublikowane zasady.<\/p>\n\n\n\n<p><br>Wszelkie spory lub roszczenia wynikaj\u0105ce z Polityki Plik\u00f3w Cookie lub z ni\u0105 zwi\u0105zane podlegaj\u0105 prawu europejskiemu. Wszelkie dzia\u0142ania prawne b\u0119d\u0105 prowadzone w Hiszpanii.<\/p>\n","protected":false},"excerpt":{"rendered":"<p>Aby ta witryna dzia\u0142a\u0142a poprawnie, musi wykorzystywa\u0107 pliki cookie, czyli informacje przechowywane w przegl\u0105darce internetowej. Na stronie Polityka plik\u00f3w cookie mo\u017cna zapozna\u0107 si\u0119 ze wszystkimi informacjami dotycz\u0105cymi polityki gromadzenia, celu i przetwarzania plik\u00f3w cookie. Legalno\u015b\u0107 przetwarzania danych Podstaw\u0105 prawn\u0105 przetwarzania danych u\u017cytkownika jest zgoda. Aby skontaktowa\u0107 si\u0119 z W\u0142a\u015bcicielem, zapisa\u0107 si\u0119 do newslettera lub komentowa\u0107 [&hellip;]<\/p>\n","protected":false},"author":1,"featured_media":0,"parent":0,"menu_order":0,"comment_status":"closed","ping_status":"closed","template":"","meta":{"_acf_changed":false,"footnotes":""},"class_list":["post-1600","page","type-page","status-publish","hentry"],"acf":[],"_links":{"self":[{"href":"https:\/\/inhaus.mediatictest.com\/pl\/wp-json\/wp\/v2\/pages\/1600","targetHints":{"allow":["GET"]}}],"collection":[{"href":"https:\/\/inhaus.mediatictest.com\/pl\/wp-json\/wp\/v2\/pages"}],"about":[{"href":"https:\/\/inhaus.mediatictest.com\/pl\/wp-json\/wp\/v2\/types\/page"}],"author":[{"embeddable":true,"href":"https:\/\/inhaus.mediatictest.com\/pl\/wp-json\/wp\/v2\/users\/1"}],"replies":[{"embeddable":true,"href":"https:\/\/inhaus.mediatictest.com\/pl\/wp-json\/wp\/v2\/comments?post=1600"}],"version-history":[{"count":3,"href":"https:\/\/inhaus.mediatictest.com\/pl\/wp-json\/wp\/v2\/pages\/1600\/revisions"}],"predecessor-version":[{"id":1667,"href":"https:\/\/inhaus.mediatictest.com\/pl\/wp-json\/wp\/v2\/pages\/1600\/revisions\/1667"}],"wp:attachment":[{"href":"https:\/\/inhaus.mediatictest.com\/pl\/wp-json\/wp\/v2\/media?parent=1600"}],"curies":[{"name":"wp","href":"https:\/\/api.w.org\/{rel}","templated":true}]}}