{"id":1603,"date":"2024-03-31T17:29:18","date_gmt":"2024-03-31T17:29:18","guid":{"rendered":"https:\/\/inhaus.mediatictest.com\/legal-warning\/"},"modified":"2024-04-19T11:52:32","modified_gmt":"2024-04-19T11:52:32","slug":"nota-prawna","status":"publish","type":"page","link":"https:\/\/inhaus.mediatictest.com\/pl\/nota-prawna\/","title":{"rendered":"Nota prawna"},"content":{"rendered":"\n<h2 class=\"wp-block-heading\"><strong>Identyfikacja i w\u0142asno\u015b\u0107<\/strong><\/h2>\n\n\n\n<p>Zgodnie z art. 10 ustawy 34\/2002 z dnia 11 lipca 2002 r. o us\u0142ugach spo\u0142ecze\u0144stwa informacyjnego i handlu elektronicznym, Posiadacz podaje swoje dane identyfikacyjne.<\/p>\n\n\n\n<p>- Posiadacz: Gimena Uhrich<\/p>\n\n\n\n<p>- Adres: Pla\u00e7a de Gal-la Plac\u00eddia, 1, 3, 08006 Barcelona<\/p>\n\n\n\n<p>- E-mail: <a href=\"mailto:hola@inhausrh.com\">hello@inhausrh.com<\/a><\/p>\n\n\n\n<p>- Strona internetowa www.inhausrh.com<\/p>\n\n\n\n<h2 class=\"wp-block-heading\"><strong>Cel<\/strong><\/h2>\n\n\n\n<p>Celem strony internetowej https:inhausrh.com jest doradztwo personalne. Kontakt z zainteresowanymi kandydatami, publikowanie ofert pracy.<\/p>\n\n\n\n<h2 class=\"wp-block-heading\"><strong>Warunki u\u017cytkowania<\/strong><\/h2>\n\n\n\n<p>W\u0142a\u015bciciel stale ewoluuje i rozwija nowe narz\u0119dzia, kt\u00f3re stanowi\u0105 warto\u015b\u0107 dodan\u0105 dla u\u017cytkownik\u00f3w Witryny. Korzystanie z witryny internetowej nadaje u\u017cytkownikowi status u\u017cytkownika i oznacza pe\u0142n\u0105 akceptacj\u0119 wszystkich klauzul i warunk\u00f3w u\u017cytkowania zawartych na stronach:<\/p>\n\n\n\n<p>- Nota prawna<\/p>\n\n\n\n<p>- Polityka prywatno\u015bci<\/p>\n\n\n\n<p>- Polityka dotycz\u0105ca plik\u00f3w cookie<\/p>\n\n\n\n<p>Je\u015bli nie zgadzasz si\u0119 z ka\u017cdym z tych warunk\u00f3w, nie korzystaj z tej witryny.<\/p>\n\n\n\n<p>Dost\u0119p do tej strony internetowej w \u017caden spos\u00f3b nie oznacza rozpocz\u0119cia relacji handlowej z W\u0142a\u015bcicielem.<\/p>\n\n\n\n<p>Za po\u015brednictwem niniejszej witryny internetowej W\u0142a\u015bciciel zapewnia u\u017cytkownikowi dost\u0119p do r\u00f3\u017cnych tre\u015bci opublikowanych przez W\u0142a\u015bciciela lub jego wsp\u00f3\u0142pracownik\u00f3w w Internecie oraz mo\u017cliwo\u015b\u0107 korzystania z nich.<\/p>\n\n\n\n<p>W tym celu u\u017cytkownik jest zobowi\u0105zany i zobowi\u0105zuje si\u0119 NIE wykorzystywa\u0107 \u017cadnej zawarto\u015bci strony internetowej do nielegalnych cel\u00f3w lub efekt\u00f3w, zabronionych w niniejszej nocie prawnej lub przez obowi\u0105zuj\u0105ce przepisy, szkodliwych dla praw i interes\u00f3w os\u00f3b trzecich, lub kt\u00f3re w jakikolwiek spos\u00f3b mog\u0105 uszkodzi\u0107, wy\u0142\u0105czy\u0107, przeci\u0105\u017cy\u0107, pogorszy\u0107 lub uniemo\u017cliwi\u0107 normalne korzystanie z zawarto\u015bci, sprz\u0119tu komputerowego lub dokument\u00f3w, plik\u00f3w i wszelkiego rodzaju tre\u015bci przechowywanych na jakimkolwiek sprz\u0119cie komputerowym b\u0119d\u0105cym w\u0142asno\u015bci\u0105 lub zakontraktowanym przez W\u0142a\u015bciciela, innych u\u017cytkownik\u00f3w lub dowolnego u\u017cytkownika Internetu.<\/p>\n\n\n\n<h2 class=\"wp-block-heading\"><strong>Komentarze (opcjonalnie)<\/strong><\/h2>\n\n\n\n<p>W\u0142a\u015bciciel zastrzega sobie prawo do usuwania wszelkich komentarzy, kt\u00f3re naruszaj\u0105 obowi\u0105zuj\u0105ce przepisy prawa, s\u0105 szkodliwe dla praw lub interes\u00f3w os\u00f3b trzecich lub kt\u00f3re w jego opinii nie nadaj\u0105 si\u0119 do publikacji.<\/p>\n\n\n\n<p>W\u0142a\u015bciciel nie ponosi odpowiedzialno\u015bci za opinie wyra\u017cane przez u\u017cytkownik\u00f3w za po\u015brednictwem systemu komentarzy, portali spo\u0142eczno\u015bciowych lub innych narz\u0119dzi uczestnictwa, zgodnie z postanowieniami obowi\u0105zuj\u0105cych przepis\u00f3w.<\/p>\n\n\n\n<h2 class=\"wp-block-heading\"><strong>Pe\u0142noletno\u015b\u0107 (opcjonalnie)<\/strong><\/h2>\n\n\n\n<p>Aby korzysta\u0107 z us\u0142ug oferowanych przez Posiadacza, u\u017cytkownik musi mie\u0107 uko\u0144czone 18 lat lub osi\u0105gn\u0105\u0107 pe\u0142noletnio\u015b\u0107 wymagan\u0105 w danym kraju do rejestracji lub korzystania z Witryny. Je\u015bli u\u017cytkownik zamieszkuje w kraju spoza Regionu Europejskiego, musi mie\u0107 uko\u0144czone 13 lat, aby korzysta\u0107 z Witryny lub osi\u0105gn\u0105\u0107 pe\u0142noletnio\u015b\u0107 wymagan\u0105 w jego kraju do rejestracji lub korzystania z Witryny. Opr\u00f3cz minimalnego wieku wymaganego do korzystania z Witryny zgodnie z obowi\u0105zuj\u0105cym prawem, je\u015bli u\u017cytkownik nie jest w odpowiednim wieku, aby m\u00f3c zaakceptowa\u0107 nasze Warunki w swoim kraju, jego rodzic lub opiekun musi zaakceptowa\u0107 nasze Warunki w jego imieniu.<\/p>\n\n\n\n<h2 class=\"wp-block-heading\"><strong>\u015arodki bezpiecze\u0144stwa<\/strong><\/h2>\n\n\n\n<p>Dane osobowe przekazane Posiadaczowi mog\u0105 by\u0107 przechowywane w zautomatyzowanych lub niezautomatyzowanych bazach danych, kt\u00f3rych w\u0142a\u015bcicielem jest wy\u0142\u0105cznie Posiadacz, kt\u00f3ry podejmuje wszelkie \u015brodki techniczne, organizacyjne i bezpiecze\u0144stwa gwarantuj\u0105ce poufno\u015b\u0107, integralno\u015b\u0107 i jako\u015b\u0107 zawartych w nich informacji zgodnie z przepisami obowi\u0105zuj\u0105cego prawa w zakresie ochrony danych.<\/p>\n\n\n\n<p>Nale\u017cy jednak pami\u0119ta\u0107, \u017ce \u015brodki bezpiecze\u0144stwa system\u00f3w komputerowych w Internecie nie s\u0105 ca\u0142kowicie niezawodne, a zatem Posiadacz nie mo\u017ce zagwarantowa\u0107 nieistnienia wirus\u00f3w lub innych element\u00f3w, kt\u00f3re mog\u0105 powodowa\u0107 zmiany w systemach komputerowych U\u017cytkownika (oprogramowanie i sprz\u0119t) lub w jego dokumentach elektronicznych i plikach w nich zawartych, chocia\u017c Posiadacz dok\u0142ada wszelkich stara\u0144 i podejmuje niezb\u0119dne \u015brodki bezpiecze\u0144stwa, aby unikn\u0105\u0107 obecno\u015bci tych szkodliwych element\u00f3w.<\/p>\n\n\n\n<h2 class=\"wp-block-heading\"><strong>Dane osobowe<\/strong><\/h2>\n\n\n\n<p>Wszystkie informacje dotycz\u0105ce przetwarzania danych osobowych gromadzonych przez Administratora Danych mo\u017cna znale\u017a\u0107 na stronie Polityka prywatno\u015bci.<\/p>\n\n\n\n<h2 class=\"wp-block-heading\"><strong>Zawarto\u015b\u0107<\/strong><\/h2>\n\n\n\n<p>W\u0142a\u015bciciel uzyska\u0142 informacje, tre\u015bci multimedialne i materia\u0142y zawarte na stronie internetowej ze \u017ar\u00f3de\u0142, kt\u00f3re uwa\u017ca za wiarygodne, ale chocia\u017c podj\u0105\u0142 wszelkie uzasadnione kroki w celu zapewnienia, \u017ce zawarte informacje s\u0105 poprawne, W\u0142a\u015bciciel nie gwarantuje, \u017ce s\u0105 one dok\u0142adne, kompletne lub aktualne. W\u0142a\u015bciciel wyra\u017anie zrzeka si\u0119 wszelkiej odpowiedzialno\u015bci za b\u0142\u0119dy lub pomini\u0119cia w informacjach zawartych na stronach tej witryny.<\/p>\n\n\n\n<p>Zabronione jest przekazywanie lub wysy\u0142anie za po\u015brednictwem Witryny jakichkolwiek nielegalnych lub niedozwolonych tre\u015bci, wirus\u00f3w komputerowych lub wiadomo\u015bci, kt\u00f3re og\u00f3lnie wp\u0142ywaj\u0105 lub naruszaj\u0105 prawa Posiadacza lub os\u00f3b trzecich. Zawarto\u015b\u0107 Witryny s\u0142u\u017cy wy\u0142\u0105cznie celom informacyjnym i w \u017cadnym wypadku nie powinna by\u0107 wykorzystywana ani traktowana jako oferta sprzeda\u017cy, pro\u015bba o ofert\u0119 kupna lub rekomendacja do przeprowadzenia jakiejkolwiek innej transakcji, chyba \u017ce zosta\u0142o to wyra\u017anie okre\u015blone.<\/p>\n\n\n\n<p>W\u0142a\u015bciciel zastrzega sobie prawo do zmiany, zawieszenia, anulowania lub ograniczenia zawarto\u015bci Witryny, link\u00f3w lub informacji uzyskanych za po\u015brednictwem Witryny, bez uprzedniego powiadomienia. W\u0142a\u015bciciel nie ponosi odpowiedzialno\u015bci za jakiekolwiek szkody, kt\u00f3re mog\u0105 wynikn\u0105\u0107 z wykorzystania informacji zawartych na Stronie lub w sieciach spo\u0142eczno\u015bciowych W\u0142a\u015bciciela.<\/p>\n\n\n\n<h2 class=\"wp-block-heading\"><strong>Polityka plik\u00f3w cookie<\/strong><\/h2>\n\n\n\n<p>Na stronie Polityka plik\u00f3w cookie mo\u017cna zapozna\u0107 si\u0119 ze wszystkimi informacjami dotycz\u0105cymi polityki gromadzenia i przetwarzania plik\u00f3w cookie.<\/p>\n\n\n\n<p>W\u0142a\u015bciciel uzyskuje i przechowuje wy\u0142\u0105cznie nast\u0119puj\u0105ce informacje o osobach odwiedzaj\u0105cych Witryn\u0119:<\/p>\n\n\n\n<p>- Nazwa domeny dostawcy (ISP) i\/lub adres IP, kt\u00f3ry daje mu dost\u0119p do sieci.<\/p>\n\n\n\n<p>- Data i godzina dost\u0119pu do strony internetowej.<\/p>\n\n\n\n<p>- \u0179r\u00f3d\u0142owy adres internetowy \u0142\u0105cza do strony internetowej.<\/p>\n\n\n\n<p>- Liczba odwiedzaj\u0105cych dziennie ka\u017cd\u0105 sekcj\u0119.<\/p>\n\n\n\n<p>- Uzyskane informacje s\u0105 ca\u0142kowicie anonimowe i w \u017cadnym wypadku nie mog\u0105 by\u0107 powi\u0105zane z konkretnym i zidentyfikowanym U\u017cytkownikiem.<\/p>\n\n\n\n<p><strong><strong>Przydatne linki do innych stron internetowych<\/strong><\/strong><\/p>\n\n\n\n<p>W\u0142a\u015bciciel mo\u017ce zapewni\u0107 u\u017cytkownikowi dost\u0119p do stron internetowych os\u00f3b trzecich za pomoc\u0105 link\u00f3w w celu poinformowania u\u017cytkownika o istnieniu innych \u017ar\u00f3de\u0142 informacji w Internecie, w kt\u00f3rych mo\u017cna znale\u017a\u0107 dalsze informacje na stronie internetowej.<\/p>\n\n\n\n<p>Linki do innych stron internetowych w \u017caden spos\u00f3b nie sugeruj\u0105 ani nie zalecaj\u0105 odwiedzania stron docelowych, kt\u00f3re s\u0105 poza kontrol\u0105 Posiadacza, a Posiadacz nie ponosi odpowiedzialno\u015bci za zawarto\u015b\u0107 stron, do kt\u00f3rych prowadz\u0105 linki, ani za wyniki uzyskane przez u\u017cytkownika po skorzystaniu z link\u00f3w.<\/p>\n\n\n\n<p>Podobnie, W\u0142a\u015bciciel nie ponosi odpowiedzialno\u015bci za linki lub odsy\u0142acze znajduj\u0105ce si\u0119 na po\u0142\u0105czonych stronach internetowych, do kt\u00f3rych zapewnia dost\u0119p.<\/p>\n\n\n\n<p>Utworzenie linku nie oznacza w \u017cadnym wypadku istnienia relacji mi\u0119dzy Posiadaczem a w\u0142a\u015bcicielem strony, na kt\u00f3rej link zosta\u0142 utworzony, ani akceptacji lub zatwierdzenia przez Posiadacza jej tre\u015bci lub us\u0142ug.<\/p>\n\n\n\n<p>W przypadku uzyskania dost\u0119pu do zewn\u0119trznej witryny internetowej za po\u015brednictwem \u0142\u0105cza znajduj\u0105cego si\u0119 w Witrynie nale\u017cy zapozna\u0107 si\u0119 z polityk\u0105 prywatno\u015bci tej witryny, kt\u00f3ra mo\u017ce r\u00f3\u017cni\u0107 si\u0119 od polityki prywatno\u015bci niniejszej Witryny.<\/p>\n\n\n\n<h2 class=\"wp-block-heading\"><strong>Linki partnerskie i reklamy sponsorowane (opcjonalnie)<\/strong><\/h2>\n\n\n\n<p>Witryna oferuje tre\u015bci sponsorowane, reklamy i\/lub linki partnerskie.<\/p>\n\n\n\n<p>Informacje, kt\u00f3re pojawiaj\u0105 si\u0119 w tych linkach partnerskich lub wstawionych reklamach, s\u0105 dostarczane przez samych reklamodawc\u00f3w, wi\u0119c Titular nie ponosi odpowiedzialno\u015bci za jakiekolwiek nie\u015bcis\u0142o\u015bci lub b\u0142\u0119dy, kt\u00f3re mog\u0105 zawiera\u0107 reklamy, ani nie gwarantuje w \u017caden spos\u00f3b do\u015bwiadczenia, uczciwo\u015bci lub odpowiedzialno\u015bci reklamodawc\u00f3w ani jako\u015bci ich produkt\u00f3w i \/ lub us\u0142ug.&nbsp;<\/p>\n\n\n\n<p><strong><strong>W\u0142asno\u015b\u0107 intelektualna i przemys\u0142owa<\/strong><\/strong><\/p>\n\n\n\n<p>Wszelkie prawa zastrze\u017cone.<\/p>\n\n\n\n<p>Wszelki dost\u0119p do tej strony internetowej podlega nast\u0119puj\u0105cym warunkom: powielanie, trwa\u0142e przechowywanie i rozpowszechnianie tre\u015bci lub jakiekolwiek inne wykorzystanie do cel\u00f3w publicznych lub komercyjnych jest wyra\u017anie zabronione bez uprzedniej wyra\u017anej pisemnej zgody w\u0142a\u015bciciela.<\/p>\n\n\n\n<h2 class=\"wp-block-heading\"><strong>Ograniczenie odpowiedzialno\u015bci<\/strong><\/h2>\n\n\n\n<p>Informacje i us\u0142ugi zawarte lub dost\u0119pne za po\u015brednictwem tej witryny mog\u0105 zawiera\u0107 nie\u015bcis\u0142o\u015bci lub b\u0142\u0119dy typograficzne. W\u0142a\u015bciciel okresowo wprowadza ulepszenia i\/lub zmiany do zawartych informacji i\/lub Us\u0142ug, kt\u00f3re mog\u0105 zosta\u0107 wprowadzone w dowolnym momencie.<\/p>\n\n\n\n<p>W\u0142a\u015bciciel nie o\u015bwiadcza ani nie gwarantuje, \u017ce us\u0142ugi lub tre\u015bci b\u0119d\u0105 nieprzerwane lub wolne od b\u0142\u0119d\u00f3w, \u017ce usterki zostan\u0105 naprawione lub \u017ce us\u0142uga lub serwer, kt\u00f3ry j\u0105 udost\u0119pnia, s\u0105 wolne od wirus\u00f3w lub innych szkodliwych element\u00f3w, niezale\u017cnie od faktu, \u017ce W\u0142a\u015bciciel dok\u0142ada wszelkich stara\u0144, aby unikn\u0105\u0107 takich zdarze\u0144.<\/p>\n\n\n\n<p>W\u0142a\u015bciciel zrzeka si\u0119 wszelkiej odpowiedzialno\u015bci w przypadku przerw lub nieprawid\u0142owego dzia\u0142ania Us\u0142ug lub tre\u015bci oferowanych w Internecie, niezale\u017cnie od ich przyczyny. Podobnie, Posiadacz nie ponosi odpowiedzialno\u015bci za awarie sieci, utrat\u0119 dzia\u0142alno\u015bci w wyniku takich awarii, tymczasowe zawieszenia dostaw energii elektrycznej lub innego rodzaju szkody po\u015brednie, kt\u00f3re mog\u0105 by\u0107 spowodowane przyczynami pozostaj\u0105cymi poza kontrol\u0105 Posiadacza.<\/p>\n\n\n\n<p>Przed podj\u0119ciem decyzji i\/lub dzia\u0142a\u0144 w oparciu o informacje zawarte na stronie internetowej, W\u0142a\u015bciciel zaleca sprawdzenie i por\u00f3wnanie otrzymanych informacji z innymi \u017ar\u00f3d\u0142ami.<\/p>\n\n\n\n<h2 class=\"wp-block-heading\"><strong>Prawo do rezygnacji (opcjonalnie)<\/strong><\/h2>\n\n\n\n<p>W\u0142a\u015bciciel zastrzega sobie prawo do odmowy lub wycofania dost\u0119pu do strony internetowej i oferowanych us\u0142ug bez wcze\u015bniejszego powiadomienia, na w\u0142asne \u017c\u0105danie lub na \u017c\u0105danie strony trzeciej, u\u017cytkownikom, kt\u00f3rzy naruszaj\u0105 kt\u00f3rykolwiek z warunk\u00f3w niniejszej Informacji prawnej.<\/p>\n\n\n\n<h2 class=\"wp-block-heading\"><strong>Jurysdykcja<\/strong><\/h2>\n\n\n\n<p>Niniejsza Nota Prawna podlega w ca\u0142o\u015bci prawu hiszpa\u0144skiemu.<\/p>\n\n\n\n<p>O ile nie istnieje \u017caden przepis, kt\u00f3ry zobowi\u0105zuje inaczej, w przypadku wszelkich pyta\u0144, kt\u00f3re mog\u0105 powsta\u0107 w zwi\u0105zku z interpretacj\u0105, stosowaniem i wype\u0142nianiem niniejszej Noty Prawnej, a tak\u017ce wszelkich roszcze\u0144, kt\u00f3re mog\u0105 wynikn\u0105\u0107 z jej wykorzystania, strony zgadzaj\u0105 si\u0119 podda\u0107 s\u0105dom i trybuna\u0142om prowincji Barcelona, wyra\u017anie zrzekaj\u0105c si\u0119 jakiejkolwiek innej jurysdykcji, kt\u00f3ra mo\u017ce im odpowiada\u0107.<\/p>\n\n\n\n<h2 class=\"wp-block-heading\"><strong>Kontakt<\/strong><\/h2>\n\n\n\n<p>W przypadku jakichkolwiek pyta\u0144 dotycz\u0105cych niniejszych Warunk\u00f3w prawnych lub uwag dotycz\u0105cych niniejszej strony internetowej, mo\u017cna wys\u0142a\u0107 wiadomo\u015b\u0107 e-mail na adres <a href=\"mailto:hello@inhausrh.com\">hello@inhausrh.com<\/a>.<\/p>\n\n\n\n<p>Wszelkie spory lub roszczenia wynikaj\u0105ce lub zwi\u0105zane z Zastrze\u017ceniami Prawnymi podlegaj\u0105 prawu europejskiemu. Wszelkie dzia\u0142ania prawne b\u0119d\u0105 prowadzone w Hiszpanii.<\/p>\n","protected":false},"excerpt":{"rendered":"<p>Identyfikacja i w\u0142asno\u015b\u0107 Zgodnie z art. 10 ustawy 34\/2002 z dnia 11 lipca 2002 r. o us\u0142ugach spo\u0142ecze\u0144stwa informacyjnego i handlu elektronicznym, Posiadacz podaje swoje dane identyfikacyjne. - Posiadacz: Gimena Uhrich - Adres: Pla\u00e7a de Gal-la Plac\u00eddia, 1, 3, 08006 Barcelona - E-mail: hello@inhausrh.com - Strona internetowa www.inhausrh.com Cel Celem strony internetowej https:inhausrh.com jest doradztwo [&hellip;]<\/p>\n","protected":false},"author":1,"featured_media":0,"parent":0,"menu_order":0,"comment_status":"closed","ping_status":"closed","template":"","meta":{"_acf_changed":false,"footnotes":""},"class_list":["post-1603","page","type-page","status-publish","hentry"],"acf":[],"_links":{"self":[{"href":"https:\/\/inhaus.mediatictest.com\/pl\/wp-json\/wp\/v2\/pages\/1603","targetHints":{"allow":["GET"]}}],"collection":[{"href":"https:\/\/inhaus.mediatictest.com\/pl\/wp-json\/wp\/v2\/pages"}],"about":[{"href":"https:\/\/inhaus.mediatictest.com\/pl\/wp-json\/wp\/v2\/types\/page"}],"author":[{"embeddable":true,"href":"https:\/\/inhaus.mediatictest.com\/pl\/wp-json\/wp\/v2\/users\/1"}],"replies":[{"embeddable":true,"href":"https:\/\/inhaus.mediatictest.com\/pl\/wp-json\/wp\/v2\/comments?post=1603"}],"version-history":[{"count":3,"href":"https:\/\/inhaus.mediatictest.com\/pl\/wp-json\/wp\/v2\/pages\/1603\/revisions"}],"predecessor-version":[{"id":1666,"href":"https:\/\/inhaus.mediatictest.com\/pl\/wp-json\/wp\/v2\/pages\/1603\/revisions\/1666"}],"wp:attachment":[{"href":"https:\/\/inhaus.mediatictest.com\/pl\/wp-json\/wp\/v2\/media?parent=1603"}],"curies":[{"name":"wp","href":"https:\/\/api.w.org\/{rel}","templated":true}]}}