{"id":1249,"date":"2024-03-01T16:46:55","date_gmt":"2024-03-01T16:46:55","guid":{"rendered":"https:\/\/inhaus.mediatictest.com\/privacy-policy\/"},"modified":"2024-04-19T10:17:44","modified_gmt":"2024-04-19T10:17:44","slug":"politica-de-privacidade","status":"publish","type":"page","link":"https:\/\/inhaus.mediatictest.com\/pt-pt\/politica-de-privacidade\/","title":{"rendered":"Pol\u00edtica de privacidade"},"content":{"rendered":"\n<h2 class=\"wp-block-heading\">Quem somos<\/h2>\n\n\n\n<p>A INHAUS informa sobre sua Pol\u00edtica de Privacidade em rela\u00e7\u00e3o ao tratamento e prote\u00e7\u00e3o dos dados pessoais dos usu\u00e1rios e clientes que possam ser coletados pela navega\u00e7\u00e3o ou contrata\u00e7\u00e3o de servi\u00e7os atrav\u00e9s do site <a href=\"http:\/\/www.inhausrh.com\">www.inhausrh.com<\/a>.<\/p>\n\n\n\n<p>Nesse sentido, o Propriet\u00e1rio garante o cumprimento da normativa vigente sobre prote\u00e7\u00e3o de dados pessoais, refletida na Lei Org\u00e2nica 3\/2018, de 5 de dezembro, de Prote\u00e7\u00e3o de Dados Pessoais e Garantia dos Direitos Digitais (LOPD GDD). Tamb\u00e9m est\u00e1 em conformidade com o Regulamento (UE) 2016\/679 do Parlamento Europeu e do Conselho, de 27 de abril de 2016, sobre a prote\u00e7\u00e3o de pessoas f\u00edsicas (GDPR).<\/p>\n\n\n\n<p>O uso do site implica a aceita\u00e7\u00e3o desta Pol\u00edtica de Privacidade, bem como das condi\u00e7\u00f5es inclu\u00eddas no Aviso Legal.<\/p>\n\n\n\n<p><\/p>\n\n\n\n<h2 class=\"wp-block-heading\">Identidade da pessoa respons\u00e1vel<\/h2>\n\n\n\n<p>- Titular: Gimena Uhrich<\/p>\n\n\n\n<p>- Endere\u00e7o: Pla\u00e7a de Gal-la Plac\u00eddia, 1, 3, 08006 Barcelona<\/p>\n\n\n\n<p>- E-mail: hello@inhausrh.com<\/p>\n\n\n\n<p>- Site: <a href=\"http:\/\/www.inhausrh.com\">www.inhausrh.com<\/a><\/p>\n\n\n\n<p><\/p>\n\n\n\n<h2 class=\"wp-block-heading\">Princ\u00edpios aplicados no processamento de dados<\/h2>\n\n\n\n<p>Ao processar seus dados pessoais, o Controlador de Dados aplicar\u00e1 os seguintes princ\u00edpios que atendem aos requisitos do novo Regulamento Europeu de Prote\u00e7\u00e3o de Dados:<\/p>\n\n\n\n<p>Princ\u00edpio da legalidade, justi\u00e7a e transpar\u00eancia: o Controlador de Dados sempre solicitar\u00e1 o consentimento para o processamento de seus dados pessoais, que pode ser para uma ou mais finalidades espec\u00edficas sobre as quais voc\u00ea ser\u00e1 informado com anteced\u00eancia e com absoluta transpar\u00eancia.<\/p>\n\n\n\n<p>Princ\u00edpio da minimiza\u00e7\u00e3o de dados: O Controlador de Dados solicitar\u00e1 de voc\u00ea apenas os dados estritamente necess\u00e1rios para a finalidade ou finalidades para as quais s\u00e3o solicitados.<\/p>\n\n\n\n<p>Princ\u00edpio da limita\u00e7\u00e3o do per\u00edodo de armazenamento: Os dados devem ser mantidos pelo tempo estritamente necess\u00e1rio para a(s) finalidade(s) do processamento.<\/p>\n\n\n\n<p>O Controlador de Dados o informar\u00e1 sobre o per\u00edodo de reten\u00e7\u00e3o correspondente, dependendo da finalidade. No caso de assinaturas, o Controlador de Dados revisar\u00e1 periodicamente as listas e excluir\u00e1 os registros que estiverem inativos por um per\u00edodo de tempo consider\u00e1vel.<\/p>\n\n\n\n<p>Princ\u00edpio da integridade e confidencialidade: Seus dados ser\u00e3o tratados de forma a garantir sua seguran\u00e7a, confidencialidade e integridade. Voc\u00ea deve saber que o Controlador de Dados toma as precau\u00e7\u00f5es necess\u00e1rias para evitar o acesso n\u00e3o autorizado ou o uso indevido dos dados de seus usu\u00e1rios por terceiros.<\/p>\n\n\n\n<p>Coleta de dados pessoais<\/p>\n\n\n\n<p>Voc\u00ea n\u00e3o precisa fornecer nenhum dado pessoal para navegar no site www.inhausrh.com. Os casos em que voc\u00ea deve fornecer seus dados pessoais s\u00e3o os seguintes:<\/p>\n\n\n\n<p>- Entrando em contato conosco por meio dos formul\u00e1rios de contato ou enviando um e-mail.<\/p>\n\n\n\n<p>- Ao comentar em um artigo ou p\u00e1gina.<\/p>\n\n\n\n<p>- Quando voc\u00ea se inscreve em um formul\u00e1rio de assinatura ou em um boletim informativo que o Propriet\u00e1rio gerencia com a Doppler.<\/p>\n\n\n\n<p><\/p>\n\n\n\n<p><\/p>\n\n\n\n<h2 class=\"wp-block-heading\">Seus direitos<\/h2>\n\n\n\n<p>O Controlador de Dados informa que voc\u00ea tem o direito de acessar seus dados pessoais:<\/p>\n\n\n\n<p>- Solicitar acesso aos dados armazenados.<\/p>\n\n\n\n<p>- Solicitar retifica\u00e7\u00e3o ou cancelamento.<\/p>\n\n\n\n<p>- Solicitar a restri\u00e7\u00e3o de seu processamento.<\/p>\n\n\n\n<p>- Opor-se ao tratamento.<\/p>\n\n\n\n<p>- Solicitar a portabilidade de seus dados.<\/p>\n\n\n\n<p>O exerc\u00edcio desses direitos \u00e9 pessoal e, portanto, deve ser exercido diretamente pela parte interessada, solicitando-o diretamente ao Controlador de Dados, o que significa que qualquer cliente, assinante ou colaborador que tenha fornecido seus dados a qualquer momento pode entrar em contato com o Controlador de Dados e solicitar informa\u00e7\u00f5es sobre os dados armazenados e como foram obtidos, solicitar a retifica\u00e7\u00e3o dos mesmos, solicitar a portabilidade de seus dados pessoais, opor-se ao processamento, limitar seu uso ou solicitar o cancelamento desses dados nos arquivos do Controlador de Dados. Para exercer seus direitos de acesso, retifica\u00e7\u00e3o, cancelamento, portabilidade e oposi\u00e7\u00e3o, \u00e9 necess\u00e1rio enviar um e-mail para <a href=\"mailto:hello@inhausrh.com\">hello@inhausrh.com<\/a> juntamente com uma prova legal v\u00e1lida, como uma fotoc\u00f3pia de sua carteira de identidade ou equivalente.<\/p>\n\n\n\n<p>Voc\u00ea tem o direito \u00e0 prote\u00e7\u00e3o judicial efetiva e a apresentar uma reclama\u00e7\u00e3o \u00e0 autoridade supervisora, neste caso, a Ag\u00eancia Espanhola de Prote\u00e7\u00e3o de Dados, se considerar que o processamento de dados pessoais a seu respeito est\u00e1 violando o Regulamento.<\/p>\n\n\n\n<p><\/p>\n\n\n\n<p><\/p>\n\n\n\n<h2 class=\"wp-block-heading\">Finalidade do processamento de dados pessoais<\/h2>\n\n\n\n<p>Quando voc\u00ea se conecta ao site para enviar um e-mail ao Propriet\u00e1rio, assinar o boletim informativo ou fazer um contrato, voc\u00ea est\u00e1 fornecendo informa\u00e7\u00f5es pessoais pelas quais o Propriet\u00e1rio \u00e9 respons\u00e1vel. Essas informa\u00e7\u00f5es podem incluir dados pessoais como seu endere\u00e7o IP, nome e sobrenome, endere\u00e7o f\u00edsico, endere\u00e7o de e-mail, n\u00famero de telefone e outras informa\u00e7\u00f5es. Ao fornecer essas informa\u00e7\u00f5es, voc\u00ea consente que suas informa\u00e7\u00f5es sejam coletadas, usadas, gerenciadas e armazenadas pelo superadmin.es, somente conforme descrito no Aviso Legal e nesta Pol\u00edtica de Privacidade.<\/p>\n\n\n\n<p>Os dados pessoais e a finalidade do processamento pelo Titular dos Dados s\u00e3o diferentes, dependendo do sistema de captura de informa\u00e7\u00f5es:<\/p>\n\n\n\n<p>- Formul\u00e1rios de contato: o Titular solicita dados pessoais, que podem incluir: nome e sobrenome, endere\u00e7o de e-mail, n\u00famero de telefone e endere\u00e7o do seu site para responder \u00e0s suas perguntas.<\/p>\n\n\n\n<p>Por exemplo, o Controlador de Dados usa esses dados para responder \u00e0s suas mensagens, d\u00favidas, reclama\u00e7\u00f5es, coment\u00e1rios ou preocupa\u00e7\u00f5es que voc\u00ea possa ter em rela\u00e7\u00e3o \u00e0s informa\u00e7\u00f5es inclu\u00eddas no Site, aos servi\u00e7os prestados por meio do Site, ao processamento de seus dados pessoais, \u00e0s perguntas sobre os textos legais inclu\u00eddos no Site, bem como a qualquer outra consulta que voc\u00ea possa ter e que n\u00e3o esteja sujeita aos termos e condi\u00e7\u00f5es do Site ou do contrato.<\/p>\n\n\n\n<p>- Formul\u00e1rios de assinatura de conte\u00fado: o Propriet\u00e1rio solicita os seguintes dados pessoais: nome e sobrenome, endere\u00e7o de e-mail, n\u00famero de telefone e endere\u00e7o do seu site para gerenciar a lista de assinaturas, enviar boletins informativos, promo\u00e7\u00f5es e ofertas especiais.<\/p>\n\n\n\n<p>Os dados que voc\u00ea fornecer ao Controlador de dados estar\u00e3o localizados nos servidores do The Rocket Science Group LLC d\/b\/a, domiciliado nos EUA (Mailchimp).<\/p>\n\n\n\n<p>H\u00e1 outras finalidades para as quais o Controlador de Dados processa seus dados pessoais:<\/p>\n\n\n\n<p>- Para garantir a conformidade com as condi\u00e7\u00f5es estabelecidas no Aviso Legal e na legisla\u00e7\u00e3o aplic\u00e1vel. Isso pode incluir o desenvolvimento de ferramentas e algoritmos para ajudar este site a garantir a confidencialidade dos dados pessoais que coleta.<\/p>\n\n\n\n<p>- Para apoiar e aprimorar os servi\u00e7os oferecidos por este site.<\/p>\n\n\n\n<p>- Para analisar a navega\u00e7\u00e3o. O Propriet\u00e1rio coleta outros dados n\u00e3o identific\u00e1veis obtidos por meio do uso de cookies que s\u00e3o baixados para o seu computador quando voc\u00ea navega no site, cujas caracter\u00edsticas e finalidade est\u00e3o detalhadas na Pol\u00edtica de Cookies.<\/p>\n\n\n\n<p>- Para gerenciar redes sociais. O Controlador de Dados est\u00e1 presente nas redes sociais. Se voc\u00ea se tornar um seguidor nas redes sociais do Titular, o processamento dos dados pessoais ser\u00e1 regido por esta se\u00e7\u00e3o, bem como pelas condi\u00e7\u00f5es de uso, pol\u00edticas de privacidade e regulamentos de acesso que pertencem \u00e0 rede social que se aplica em cada caso e que voc\u00ea aceitou previamente. Voc\u00ea pode consultar as pol\u00edticas de privacidade das principais redes sociais nestes links:<\/p>\n\n\n\n<p>- Facebook: <a href=\"https:\/\/www.facebook.com\/inhausrh\/\" target=\"_blank\" rel=\"noreferrer noopener\">https:\/\/www.facebook.com\/inhausrh\/<\/a><\/p>\n\n\n\n<p>- Twitter: <a href=\"https:\/\/twitter.com\/inhausrh\" target=\"_blank\" rel=\"noreferrer noopener\">https:\/\/twitter.com\/inhausrh<\/a><\/p>\n\n\n\n<p>- Linkedin: <a href=\"https:\/\/www.linkedin.com\/company\/inhausrh\/\" target=\"_blank\" rel=\"noreferrer noopener\">https:\/\/www.linkedin.com\/company\/inhausrh\/<\/a><\/p>\n\n\n\n<p>- Instagram: <a href=\"https:\/\/www.instagram.com\/inhaus_rh\/\" target=\"_blank\" rel=\"noreferrer noopener\">https:\/\/www.instagram.com\/inhaus_rh\/<\/a><\/p>\n\n\n\n<p>O Propriet\u00e1rio processar\u00e1 seus dados pessoais a fim de gerenciar corretamente sua presen\u00e7a na rede social, inform\u00e1-lo sobre suas atividades, produtos ou servi\u00e7os, bem como para qualquer outra finalidade permitida pelos regulamentos das redes sociais.<\/p>\n\n\n\n<p>Em nenhuma circunst\u00e2ncia o Controlador de Dados usar\u00e1 os perfis dos seguidores nas redes sociais para enviar publicidade individualizada.<\/p>\n\n\n\n<p><\/p>\n\n\n\n<h2 class=\"wp-block-heading\">Seguran\u00e7a de dados pessoais<\/h2>\n\n\n\n<p>Para proteger seus dados pessoais, o Controlador de Dados toma todas as precau\u00e7\u00f5es razo\u00e1veis e segue as melhores pr\u00e1ticas do setor para evitar a perda, o uso indevido, o acesso impr\u00f3prio, a divulga\u00e7\u00e3o, a altera\u00e7\u00e3o ou a destrui\u00e7\u00e3o de seus dados pessoais.<\/p>\n\n\n\n<p>O site \u00e9 hospedado pela Raiola Network. A seguran\u00e7a de seus dados \u00e9 garantida, pois eles tomam todas as medidas de seguran\u00e7a necess\u00e1rias. Voc\u00ea pode consultar a pol\u00edtica de privacidade deles para obter mais informa\u00e7\u00f5es.<\/p>\n\n\n\n<p><\/p>\n\n\n\n<h2 class=\"wp-block-heading\">Conte\u00fado de outros sites<\/h2>\n\n\n\n<p>As p\u00e1ginas deste site podem incluir conte\u00fado incorporado (por exemplo, v\u00eddeos, imagens, artigos, etc.). O conte\u00fado incorporado de outros sites se comporta exatamente da mesma forma como se voc\u00ea tivesse visitado o outro site.<\/p>\n\n\n\n<p>Esses sites podem coletar dados sobre voc\u00ea, usar cookies, incorporar c\u00f3digo de rastreamento adicional de terceiros e monitorar sua intera\u00e7\u00e3o usando esse c\u00f3digo.<\/p>\n\n\n\n<p>Qualquer disputa ou reclama\u00e7\u00e3o decorrente ou relacionada \u00e0 Pol\u00edtica de Privacidade ser\u00e1 regida pela lei europeia. Qualquer a\u00e7\u00e3o legal ser\u00e1 conduzida na Espanha.<\/p>\n","protected":false},"excerpt":{"rendered":"<p>Quem somos A INHAUS informa sobre sua Pol\u00edtica de Privacidade em rela\u00e7\u00e3o ao tratamento e prote\u00e7\u00e3o dos dados pessoais dos usu\u00e1rios e clientes que possam ser coletados pela navega\u00e7\u00e3o ou contrata\u00e7\u00e3o de servi\u00e7os atrav\u00e9s do site www.inhausrh.com. Nesse sentido, o Propriet\u00e1rio garante o cumprimento da normativa vigente sobre prote\u00e7\u00e3o de dados pessoais, refletida na Lei [&hellip;]<\/p>\n","protected":false},"author":1,"featured_media":0,"parent":0,"menu_order":0,"comment_status":"closed","ping_status":"open","template":"","meta":{"_acf_changed":false,"footnotes":""},"class_list":["post-1249","page","type-page","status-publish","hentry"],"acf":[],"_links":{"self":[{"href":"https:\/\/inhaus.mediatictest.com\/pt-pt\/wp-json\/wp\/v2\/pages\/1249","targetHints":{"allow":["GET"]}}],"collection":[{"href":"https:\/\/inhaus.mediatictest.com\/pt-pt\/wp-json\/wp\/v2\/pages"}],"about":[{"href":"https:\/\/inhaus.mediatictest.com\/pt-pt\/wp-json\/wp\/v2\/types\/page"}],"author":[{"embeddable":true,"href":"https:\/\/inhaus.mediatictest.com\/pt-pt\/wp-json\/wp\/v2\/users\/1"}],"replies":[{"embeddable":true,"href":"https:\/\/inhaus.mediatictest.com\/pt-pt\/wp-json\/wp\/v2\/comments?post=1249"}],"version-history":[{"count":4,"href":"https:\/\/inhaus.mediatictest.com\/pt-pt\/wp-json\/wp\/v2\/pages\/1249\/revisions"}],"predecessor-version":[{"id":1665,"href":"https:\/\/inhaus.mediatictest.com\/pt-pt\/wp-json\/wp\/v2\/pages\/1249\/revisions\/1665"}],"wp:attachment":[{"href":"https:\/\/inhaus.mediatictest.com\/pt-pt\/wp-json\/wp\/v2\/media?parent=1249"}],"curies":[{"name":"wp","href":"https:\/\/api.w.org\/{rel}","templated":true}]}}