{"id":1252,"date":"2024-04-04T01:42:28","date_gmt":"2024-04-04T01:42:28","guid":{"rendered":"https:\/\/inhaus.mediatictest.com\/cookie-policy\/"},"modified":"2024-04-19T10:17:25","modified_gmt":"2024-04-19T10:17:25","slug":"politica-de-cookies","status":"publish","type":"page","link":"https:\/\/inhaus.mediatictest.com\/pt-pt\/politica-de-cookies\/","title":{"rendered":"Pol\u00edtica de cookies"},"content":{"rendered":"\n<p>Para que este site funcione corretamente, ele precisa usar cookies, que s\u00e3o informa\u00e7\u00f5es armazenadas em seu navegador da Web. Na p\u00e1gina Pol\u00edtica de Cookies, voc\u00ea pode consultar todas as informa\u00e7\u00f5es relacionadas \u00e0 pol\u00edtica de coleta, \u00e0 finalidade e ao tratamento de cookies.<\/p>\n\n\n\n<h2 class=\"wp-block-heading\">Legitima\u00e7\u00e3o para o processamento de dados<\/h2>\n\n\n\n<p>A base legal para o processamento de seus dados \u00e9: consentimento.<\/p>\n\n\n\n<p>Para entrar em contato com o Propriet\u00e1rio, assinar um boletim informativo ou fazer coment\u00e1rios neste site, \u00e9 necess\u00e1rio aceitar esta Pol\u00edtica de Privacidade. Categorias de dados pessoais<\/p>\n\n\n\n<p>As categorias de dados pessoais processadas pelo Controlador de dados s\u00e3o:<\/p>\n\n\n\n<p>- Identifica\u00e7\u00e3o de dados.<\/p>\n\n\n\n<h2 class=\"wp-block-heading\">Reten\u00e7\u00e3o de dados pessoais<\/h2>\n\n\n\n<p>Os dados pessoais que voc\u00ea fornecer ao Controlador de dados ser\u00e3o mantidos at\u00e9 que voc\u00ea solicite sua exclus\u00e3o. Destinat\u00e1rios de dados pessoais - Mailchimp The Rocket Science Group LLC d\/b\/a, com sede nos EUA. Voc\u00ea pode encontrar mais informa\u00e7\u00f5es em: https:\/\/mailchimp.com O Rocket Science Group LLC d\/b\/a processa os dados com a finalidade de fornecer seus servi\u00e7os de e-mail para o Controlador de Dados. - O Google Analytics \u00e9 um servi\u00e7o de an\u00e1lise da Web fornecido pela Google, Inc., uma empresa de Delaware com sede em 1600 Amphitheatre Parkway, Mountain View (Calif\u00f3rnia), CA 94043, Estados Unidos (\"Google\"). Mais informa\u00e7\u00f5es podem ser encontradas em: https:\/\/analytics.google.com<\/p>\n\n\n\n<p>O Google Analytics usa \"cookies\", que s\u00e3o arquivos de texto colocados no seu computador, para ajudar o operador do site a analisar como os usu\u00e1rios usam o site. As informa\u00e7\u00f5es geradas pelo cookie sobre seu uso do site (incluindo seu endere\u00e7o IP) ser\u00e3o transmitidas e armazenadas pelo Google em servidores nos Estados Unidos. - O DoubleClick by Google \u00e9 um conjunto de servi\u00e7os de publicidade fornecidos pela Google, Inc., uma empresa de Delaware com sede em 1600 Amphitheatre Parkway, Mountain View (Calif\u00f3rnia), CA 94043, Estados Unidos (\"Google\").<\/p>\n\n\n\n<p>Para obter mais informa\u00e7\u00f5es: https:\/\/www.doubleclickbygoogle.com<\/p>\n\n\n\n<p>O DoubleClick usa \"cookies\", que s\u00e3o arquivos de texto colocados em seu computador e usados para aumentar a relev\u00e2ncia dos an\u00fancios relacionados \u00e0s suas pesquisas recentes. A Pol\u00edtica de Privacidade do Google explica como o Google gerencia sua privacidade em termos do uso de cookies e outras informa\u00e7\u00f5es. Voc\u00ea tamb\u00e9m pode ver uma lista dos tipos de cookies usados pelo Google e seus parceiros e informa\u00e7\u00f5es sobre o uso de cookies de publicidade. Navega\u00e7\u00e3o na Web<\/p>\n\n\n\n<p>Ao navegar pelo site www.inhausrh.com, podem ser coletados dados n\u00e3o identific\u00e1veis, que podem incluir endere\u00e7o IP, geolocaliza\u00e7\u00e3o, um registro de como os servi\u00e7os e sites s\u00e3o usados, h\u00e1bitos de navega\u00e7\u00e3o e outros dados que n\u00e3o podem ser usados para identific\u00e1-lo.<\/p>\n\n\n\n<p>O site usa os seguintes servi\u00e7os de an\u00e1lise de terceiros:<\/p>\n\n\n\n<p>- Google Analytics<\/p>\n\n\n\n<p>- DoubleClick by Google<\/p>\n\n\n\n<p>O Propriet\u00e1rio usa as informa\u00e7\u00f5es obtidas para obter dados estat\u00edsticos, analisar tend\u00eancias, administrar o site, estudar padr\u00f5es de navega\u00e7\u00e3o e coletar informa\u00e7\u00f5es demogr\u00e1ficas.<\/p>\n\n\n\n<h2 class=\"wp-block-heading\">Exatid\u00e3o e veracidade dos dados pessoais<\/h2>\n\n\n\n<p>O usu\u00e1rio se compromete a que os dados fornecidos ao Titular sejam corretos, completos, precisos e atuais, bem como a mant\u00ea-los devidamente atualizados. Como usu\u00e1rio do site, voc\u00ea \u00e9 o \u00fanico respons\u00e1vel pela veracidade e exatid\u00e3o dos dados que enviar ao site, eximindo o Titular de qualquer responsabilidade a esse respeito.<\/p>\n\n\n\n<h2 class=\"wp-block-heading\">Aceita\u00e7\u00e3o e consentimento<\/h2>\n\n\n\n<p>Como Usu\u00e1rio do Site, voc\u00ea declara que foi informado sobre as condi\u00e7\u00f5es de prote\u00e7\u00e3o de dados pessoais, aceita e consente com o processamento de tais dados pelo Propriet\u00e1rio na forma e para os fins indicados nesta Pol\u00edtica de Privacidade.<\/p>\n\n\n\n<h2 class=\"wp-block-heading\">Revogabilidade<\/h2>\n\n\n\n<p>Para exercer seus direitos de acesso, retifica\u00e7\u00e3o, cancelamento, portabilidade e oposi\u00e7\u00e3o, \u00e9 necess\u00e1rio enviar um e-mail para <a href=\"mailto:hello@inhausrh.com\">hello@inhausrh.com<\/a> juntamente com uma prova legal v\u00e1lida, como uma fotoc\u00f3pia de sua carteira de identidade ou equivalente.<\/p>\n\n\n\n<p>O exerc\u00edcio de seus direitos n\u00e3o inclui quaisquer dados que o Controlador de Dados seja obrigado a reter para fins administrativos, legais ou de seguran\u00e7a.<\/p>\n\n\n\n<h2 class=\"wp-block-heading\">Altera\u00e7\u00f5es na Pol\u00edtica de Privacidade<\/h2>\n\n\n\n<p>O Propriet\u00e1rio se reserva o direito de modificar esta Pol\u00edtica de Privacidade para adapt\u00e1-la \u00e0 nova legisla\u00e7\u00e3o ou jurisprud\u00eancia, bem como \u00e0s pr\u00e1ticas do setor. Essas pol\u00edticas permanecer\u00e3o em vigor at\u00e9 que sejam modificadas por outras pol\u00edticas devidamente publicadas.<\/p>\n\n\n\n<p><br>Qualquer disputa ou reclama\u00e7\u00e3o decorrente ou relacionada \u00e0 Pol\u00edtica de Cookies ser\u00e1 regida pela lei europeia. Qualquer a\u00e7\u00e3o legal ser\u00e1 conduzida na Espanha.<\/p>\n","protected":false},"excerpt":{"rendered":"<p>Para que este site funcione corretamente, ele precisa usar cookies, que s\u00e3o informa\u00e7\u00f5es armazenadas em seu navegador da Web. Na p\u00e1gina Pol\u00edtica de Cookies, voc\u00ea pode consultar todas as informa\u00e7\u00f5es relacionadas \u00e0 pol\u00edtica de coleta, \u00e0 finalidade e ao tratamento de cookies. Legitima\u00e7\u00e3o para o processamento de dados A base legal para o processamento de [&hellip;]<\/p>\n","protected":false},"author":1,"featured_media":0,"parent":0,"menu_order":0,"comment_status":"closed","ping_status":"closed","template":"","meta":{"_acf_changed":false,"footnotes":""},"class_list":["post-1252","page","type-page","status-publish","hentry"],"acf":[],"_links":{"self":[{"href":"https:\/\/inhaus.mediatictest.com\/pt-pt\/wp-json\/wp\/v2\/pages\/1252","targetHints":{"allow":["GET"]}}],"collection":[{"href":"https:\/\/inhaus.mediatictest.com\/pt-pt\/wp-json\/wp\/v2\/pages"}],"about":[{"href":"https:\/\/inhaus.mediatictest.com\/pt-pt\/wp-json\/wp\/v2\/types\/page"}],"author":[{"embeddable":true,"href":"https:\/\/inhaus.mediatictest.com\/pt-pt\/wp-json\/wp\/v2\/users\/1"}],"replies":[{"embeddable":true,"href":"https:\/\/inhaus.mediatictest.com\/pt-pt\/wp-json\/wp\/v2\/comments?post=1252"}],"version-history":[{"count":3,"href":"https:\/\/inhaus.mediatictest.com\/pt-pt\/wp-json\/wp\/v2\/pages\/1252\/revisions"}],"predecessor-version":[{"id":1664,"href":"https:\/\/inhaus.mediatictest.com\/pt-pt\/wp-json\/wp\/v2\/pages\/1252\/revisions\/1664"}],"wp:attachment":[{"href":"https:\/\/inhaus.mediatictest.com\/pt-pt\/wp-json\/wp\/v2\/media?parent=1252"}],"curies":[{"name":"wp","href":"https:\/\/api.w.org\/{rel}","templated":true}]}}