{"id":1255,"date":"2024-03-31T17:29:18","date_gmt":"2024-03-31T17:29:18","guid":{"rendered":"https:\/\/inhaus.mediatictest.com\/legal-warning\/"},"modified":"2024-04-19T10:16:52","modified_gmt":"2024-04-19T10:16:52","slug":"aviso-legal","status":"publish","type":"page","link":"https:\/\/inhaus.mediatictest.com\/pt-pt\/aviso-legal\/","title":{"rendered":"Aviso legal"},"content":{"rendered":"\n<h2 class=\"wp-block-heading\">Identifica\u00e7\u00e3o e propriedade<\/h2>\n\n\n\n<p>Em conformidade com o artigo 10 da Lei 34\/2002, de 11 de julho de 2002, sobre Servi\u00e7os da Sociedade da Informa\u00e7\u00e3o e Com\u00e9rcio Eletr\u00f4nico, o Titular apresenta seus dados de identifica\u00e7\u00e3o.<\/p>\n\n\n\n<p>- Titular: Gimena Uhrich<\/p>\n\n\n\n<p>- Endere\u00e7o: Pla\u00e7a de Gal-la Plac\u00eddia, 1, 3, 08006 Barcelona<\/p>\n\n\n\n<p>- E-mail: hello@inhausrh.com<\/p>\n\n\n\n<p>- Site www.inhausrh.com<\/p>\n\n\n\n<h2 class=\"wp-block-heading\">Finalidade<\/h2>\n\n\n\n<p>O objetivo do site https:inhausrh.com \u00e9 Consultoria em Recursos Humanos. Entrar em contato com candidatos interessados, publicar pesquisas de emprego.<\/p>\n\n\n\n<h2 class=\"wp-block-heading\">Condi\u00e7\u00f5es de uso<\/h2>\n\n\n\n<p>O Propriet\u00e1rio est\u00e1 em constante evolu\u00e7\u00e3o e desenvolvimento de novas ferramentas que agregam valor aos usu\u00e1rios do Site. O uso do site lhe confere o status de usu\u00e1rio e implica a aceita\u00e7\u00e3o total de todas as cl\u00e1usulas e condi\u00e7\u00f5es de uso inclu\u00eddas nas p\u00e1ginas:<\/p>\n\n\n\n<p>- Aviso legal<\/p>\n\n\n\n<p>- Pol\u00edtica de privacidade<\/p>\n\n\n\n<p>- Pol\u00edtica de cookies<\/p>\n\n\n\n<p>Se voc\u00ea n\u00e3o concordar com todos e cada um desses termos e condi\u00e7\u00f5es, n\u00e3o use este site.<\/p>\n\n\n\n<p>O acesso a este site n\u00e3o implica, de forma alguma, o in\u00edcio de um relacionamento comercial com o Propriet\u00e1rio.<\/p>\n\n\n\n<p>Por meio deste site, o Propriet\u00e1rio fornece a voc\u00ea acesso e uso de v\u00e1rios conte\u00fados que o Propriet\u00e1rio ou seus colaboradores publicaram na Internet.<\/p>\n\n\n\n<p>Para tanto, voc\u00ea se obriga e se compromete a N\u00c3O utilizar nenhum dos conte\u00fados do site para fins ou efeitos il\u00edcitos, proibidos neste Aviso Legal ou pela legisla\u00e7\u00e3o vigente, lesivos aos direitos e interesses de terceiros, ou que, de qualquer forma, possam danificar, inutilizar, sobrecarregar, deteriorar ou impedir o uso normal dos conte\u00fados, equipamentos de inform\u00e1tica ou documentos, arquivos e todo tipo de conte\u00fado armazenado em qualquer equipamento de inform\u00e1tica de propriedade ou contratado pelo Propriet\u00e1rio, por outros usu\u00e1rios ou por qualquer usu\u00e1rio da Internet.<\/p>\n\n\n\n<h2 class=\"wp-block-heading\">Coment\u00e1rios (opcional)<\/h2>\n\n\n\n<p>O Propriet\u00e1rio se reserva o direito de remover quaisquer coment\u00e1rios que violem a legisla\u00e7\u00e3o vigente, sejam prejudiciais aos direitos ou interesses de terceiros ou que, em sua opini\u00e3o, n\u00e3o sejam apropriados para publica\u00e7\u00e3o.<\/p>\n\n\n\n<p>O Propriet\u00e1rio n\u00e3o ser\u00e1 respons\u00e1vel pelas opini\u00f5es expressas pelos usu\u00e1rios por meio do sistema de coment\u00e1rios, redes sociais ou outras ferramentas de participa\u00e7\u00e3o, de acordo com as disposi\u00e7\u00f5es dos regulamentos aplic\u00e1veis.<\/p>\n\n\n\n<h2 class=\"wp-block-heading\">Idade da maioridade (opcional)<\/h2>\n\n\n\n<p>Voc\u00ea deve ter pelo menos 18 anos de idade para usar os servi\u00e7os oferecidos pelo Titular ou a idade de maioridade exigida em seu pa\u00eds para se registrar ou usar o Site. Se residir em um pa\u00eds fora da Regi\u00e3o Europeia, voc\u00ea dever\u00e1 ter pelo menos 13 anos de idade para usar o Site ou a maioridade exigida em seu pa\u00eds para se registrar ou usar o Site. Al\u00e9m de ter a idade m\u00ednima exigida para usar o Site de acordo com a legisla\u00e7\u00e3o aplic\u00e1vel, se voc\u00ea n\u00e3o tiver idade suficiente para aceitar nossos Termos em seu pa\u00eds, seus pais ou respons\u00e1veis dever\u00e3o aceitar nossos Termos em seu nome.<\/p>\n\n\n\n<h2 class=\"wp-block-heading\">Medidas de seguran\u00e7a<\/h2>\n\n\n\n<p>Os dados pessoais fornecidos ao Titular poder\u00e3o ser armazenados em bancos de dados automatizados ou n\u00e3o automatizados, cuja titularidade corresponde exclusivamente ao Titular, que assume todas as medidas t\u00e9cnicas, organizacionais e de seguran\u00e7a que garantam a confidencialidade, integridade e qualidade das informa\u00e7\u00f5es neles contidas, de acordo com as disposi\u00e7\u00f5es da legisla\u00e7\u00e3o vigente sobre prote\u00e7\u00e3o de dados.<\/p>\n\n\n\n<p>No entanto, voc\u00ea deve estar ciente de que as medidas de seguran\u00e7a dos sistemas inform\u00e1ticos na Internet n\u00e3o s\u00e3o totalmente confi\u00e1veis e que, portanto, o Titular n\u00e3o pode garantir a inexist\u00eancia de v\u00edrus ou outros elementos que possam causar altera\u00e7\u00f5es nos sistemas inform\u00e1ticos do Usu\u00e1rio (software e hardware) ou em seus documentos eletr\u00f4nicos e arquivos contidos neles, embora o Titular fa\u00e7a todos os esfor\u00e7os e tome as medidas de seguran\u00e7a necess\u00e1rias para evitar a presen\u00e7a desses elementos nocivos.<\/p>\n\n\n\n<h2 class=\"wp-block-heading\">Dados pessoais<\/h2>\n\n\n\n<p>Voc\u00ea pode consultar todas as informa\u00e7\u00f5es sobre o processamento de dados pessoais coletados pelo Controlador de Dados na p\u00e1gina da Pol\u00edtica de Privacidade.<\/p>\n\n\n\n<h2 class=\"wp-block-heading\">Conte\u00fado<\/h2>\n\n\n\n<p>O Propriet\u00e1rio obteve as informa\u00e7\u00f5es, o conte\u00fado multim\u00eddia e os materiais contidos no Site de fontes que acredita serem confi\u00e1veis, mas, embora tenha tomado todas as medidas razo\u00e1veis para garantir que as informa\u00e7\u00f5es contidas estejam corretas, o Propriet\u00e1rio n\u00e3o garante que elas sejam precisas, completas ou atualizadas. O Propriet\u00e1rio se isenta expressamente de qualquer responsabilidade por erros ou omiss\u00f5es nas informa\u00e7\u00f5es contidas nas p\u00e1ginas deste site.<\/p>\n\n\n\n<p>\u00c9 proibido transmitir ou enviar atrav\u00e9s do Site qualquer conte\u00fado ilegal ou il\u00edcito, v\u00edrus de computador ou mensagens que, em geral, afetem ou violem os direitos do Titular ou de terceiros. O conte\u00fado do Site tem car\u00e1ter meramente informativo e, em nenhuma circunst\u00e2ncia, deve ser usado ou considerado como uma oferta de venda, uma solicita\u00e7\u00e3o de oferta de compra ou uma recomenda\u00e7\u00e3o para realizar qualquer outra transa\u00e7\u00e3o, a menos que expressamente indicado.<\/p>\n\n\n\n<p>O Propriet\u00e1rio se reserva o direito de modificar, suspender, cancelar ou restringir o conte\u00fado do Site, links ou informa\u00e7\u00f5es obtidas por meio do Site, sem aviso pr\u00e9vio. O Propriet\u00e1rio n\u00e3o ser\u00e1 respons\u00e1vel por quaisquer danos que possam surgir do uso das informa\u00e7\u00f5es do Site ou daquelas contidas nas redes sociais do Propriet\u00e1rio.<\/p>\n\n\n\n<h2 class=\"wp-block-heading\">Pol\u00edtica de cookies<\/h2>\n\n\n\n<p>Na p\u00e1gina Pol\u00edtica de Cookies, voc\u00ea pode consultar todas as informa\u00e7\u00f5es relacionadas \u00e0 pol\u00edtica de coleta e processamento de cookies.<\/p>\n\n\n\n<p>O Propriet\u00e1rio obt\u00e9m e ret\u00e9m apenas as seguintes informa\u00e7\u00f5es sobre os visitantes do Site:<\/p>\n\n\n\n<p>- O nome de dom\u00ednio do provedor (ISP) e\/ou o endere\u00e7o IP que lhe d\u00e1 acesso \u00e0 rede.<\/p>\n\n\n\n<p>- A data e a hora de acesso ao site<\/p>\n\n\n\n<p>- O endere\u00e7o de origem na Internet do link para o site.<\/p>\n\n\n\n<p>- O n\u00famero de visitantes di\u00e1rios de cada se\u00e7\u00e3o.<\/p>\n\n\n\n<p>- As informa\u00e7\u00f5es obtidas s\u00e3o totalmente an\u00f4nimas e, em nenhum caso, podem ser associadas a um usu\u00e1rio espec\u00edfico e identificado.<\/p>\n\n\n\n<p><strong>Links \u00fateis para outros sites<\/strong><\/p>\n\n\n\n<p>O Propriet\u00e1rio poder\u00e1 fornecer ao usu\u00e1rio acesso a sites de terceiros por meio de links, a fim de inform\u00e1-lo sobre a exist\u00eancia de outras fontes de informa\u00e7\u00e3o na Internet, onde o usu\u00e1rio poder\u00e1 encontrar mais informa\u00e7\u00f5es sobre o site.<\/p>\n\n\n\n<p>Esses links para outros sites n\u00e3o s\u00e3o, de forma alguma, uma sugest\u00e3o ou recomenda\u00e7\u00e3o para que voc\u00ea visite os sites de destino, que est\u00e3o fora do controle do Titular, e o Titular n\u00e3o \u00e9 respons\u00e1vel pelo conte\u00fado dos sites vinculados ou pelo resultado que voc\u00ea obt\u00e9m ao seguir os links.<\/p>\n\n\n\n<p>Da mesma forma, o Propriet\u00e1rio n\u00e3o se responsabiliza pelos links ou liga\u00e7\u00f5es localizados nos sites vinculados aos quais fornece acesso.<\/p>\n\n\n\n<p>O estabelecimento do link n\u00e3o implica, em nenhum caso, a exist\u00eancia de uma rela\u00e7\u00e3o entre o Titular e o propriet\u00e1rio do site onde o link \u00e9 estabelecido, nem a aceita\u00e7\u00e3o ou aprova\u00e7\u00e3o pelo Titular de seus conte\u00fados ou servi\u00e7os.<\/p>\n\n\n\n<p>Se voc\u00ea acessar um site externo a partir de um link encontrado no Site, dever\u00e1 ler a pol\u00edtica de privacidade do outro site, que pode ser diferente da deste Site.<\/p>\n\n\n\n<h2 class=\"wp-block-heading\">Links de afiliados e an\u00fancios patrocinados (opcional)<\/h2>\n\n\n\n<p>O site oferece conte\u00fado patrocinado, an\u00fancios e\/ou links de afiliados.<\/p>\n\n\n\n<p>As informa\u00e7\u00f5es que aparecem nesses links de afiliados ou nos an\u00fancios inseridos s\u00e3o fornecidas pelos pr\u00f3prios anunciantes, de modo que a Titular n\u00e3o se responsabiliza por quaisquer imprecis\u00f5es ou erros que possam conter os an\u00fancios, nem garante de forma alguma a experi\u00eancia, integridade ou responsabilidade dos anunciantes ou a qualidade de seus produtos e\/ou servi\u00e7os.<\/p>\n\n\n\n<p><strong>Propriedade intelectual e industrial<\/strong><\/p>\n\n\n\n<p>Todos os direitos reservados.<\/p>\n\n\n\n<p>Todo acesso a este site est\u00e1 sujeito \u00e0s seguintes condi\u00e7\u00f5es: a reprodu\u00e7\u00e3o, o armazenamento permanente e a dissemina\u00e7\u00e3o do conte\u00fado ou qualquer outro uso para fins p\u00fablicos ou comerciais s\u00e3o expressamente proibidos sem o consentimento pr\u00e9vio e expresso por escrito do Propriet\u00e1rio.<\/p>\n\n\n\n<h2 class=\"wp-block-heading\">Limita\u00e7\u00e3o de responsabilidade<\/h2>\n\n\n\n<p>As informa\u00e7\u00f5es e os servi\u00e7os inclu\u00eddos ou dispon\u00edveis por meio deste site podem incluir imprecis\u00f5es ou erros tipogr\u00e1ficos. O Propriet\u00e1rio incorpora periodicamente melhorias e\/ou altera\u00e7\u00f5es nas informa\u00e7\u00f5es contidas e\/ou nos Servi\u00e7os que podem ser introduzidos a qualquer momento.<\/p>\n\n\n\n<p>O Propriet\u00e1rio n\u00e3o declara ou garante que os servi\u00e7os ou o conte\u00fado ser\u00e3o ininterruptos ou livres de erros, que os defeitos ser\u00e3o corrigidos ou que o servi\u00e7o ou o servidor que o disponibiliza est\u00e3o livres de v\u00edrus ou outros componentes prejudiciais, apesar do fato de que o Propriet\u00e1rio faz todos os esfor\u00e7os para evitar tais incidentes.<\/p>\n\n\n\n<p>O Titular declina qualquer responsabilidade em caso de interrup\u00e7\u00f5es ou mau funcionamento dos Servi\u00e7os ou conte\u00fados oferecidos na Internet, qualquer que seja sua causa. Da mesma forma, o Titular n\u00e3o ser\u00e1 respons\u00e1vel por falhas na rede, perda de neg\u00f3cios como resultado de tais falhas, suspens\u00f5es tempor\u00e1rias do fornecimento de eletricidade ou qualquer outro tipo de dano indireto que possa ser causado por causas fora do controle do Titular.<\/p>\n\n\n\n<p>Antes de tomar decis\u00f5es e\/ou a\u00e7\u00f5es com base nas informa\u00e7\u00f5es contidas no site, o Propriet\u00e1rio recomenda que voc\u00ea verifique e compare as informa\u00e7\u00f5es recebidas com outras fontes.<\/p>\n\n\n\n<h2 class=\"wp-block-heading\">Direito de exclus\u00e3o (opcional)<\/h2>\n\n\n\n<p>O Propriet\u00e1rio se reserva o direito de negar ou retirar o acesso ao site e aos servi\u00e7os oferecidos sem aviso pr\u00e9vio, a seu pr\u00f3prio pedido ou a pedido de um terceiro, aos usu\u00e1rios que violarem qualquer uma das condi\u00e7\u00f5es deste Aviso Legal.<\/p>\n\n\n\n<h2 class=\"wp-block-heading\">Jurisdi\u00e7\u00e3o<\/h2>\n\n\n\n<p>Este Aviso Legal \u00e9 regido inteiramente pela legisla\u00e7\u00e3o espanhola.<\/p>\n\n\n\n<p>Desde que n\u00e3o haja norma que obrigue o contr\u00e1rio, para quaisquer quest\u00f5es que possam surgir com rela\u00e7\u00e3o \u00e0 interpreta\u00e7\u00e3o, aplica\u00e7\u00e3o e cumprimento deste Aviso Legal, bem como quaisquer reclama\u00e7\u00f5es que possam surgir de seu uso, as partes concordam em submeter-se aos Tribunais da prov\u00edncia de Barcelona, renunciando expressamente a qualquer outra jurisdi\u00e7\u00e3o que lhes possa corresponder.<\/p>\n\n\n\n<h2 class=\"wp-block-heading\">Contato<\/h2>\n\n\n\n<p>Se tiver alguma d\u00favida sobre estas Condi\u00e7\u00f5es Legais ou quiser fazer algum coment\u00e1rio sobre este site, envie um e-mail para <a href=\"mailto:hello@inhausrh.com\">hello@inhausrh.com<\/a>.<\/p>\n\n\n\n<p>Qualquer disputa ou reclama\u00e7\u00e3o decorrente ou relacionada ao Aviso Legal ser\u00e1 regida pela lei europeia. Qualquer a\u00e7\u00e3o legal ser\u00e1 conduzida na Espanha<\/p>\n","protected":false},"excerpt":{"rendered":"<p>Identifica\u00e7\u00e3o e propriedade Em conformidade com o artigo 10 da Lei 34\/2002, de 11 de julho de 2002, sobre Servi\u00e7os da Sociedade da Informa\u00e7\u00e3o e Com\u00e9rcio Eletr\u00f4nico, o Titular apresenta seus dados de identifica\u00e7\u00e3o. - Titular: Gimena Uhrich - Endere\u00e7o: Pla\u00e7a de Gal-la Plac\u00eddia, 1, 3, 08006 Barcelona - E-mail: hello@inhausrh.com - Site www.inhausrh.com Finalidade [&hellip;]<\/p>\n","protected":false},"author":1,"featured_media":0,"parent":0,"menu_order":0,"comment_status":"closed","ping_status":"closed","template":"","meta":{"_acf_changed":false,"footnotes":""},"class_list":["post-1255","page","type-page","status-publish","hentry"],"acf":[],"_links":{"self":[{"href":"https:\/\/inhaus.mediatictest.com\/pt-pt\/wp-json\/wp\/v2\/pages\/1255","targetHints":{"allow":["GET"]}}],"collection":[{"href":"https:\/\/inhaus.mediatictest.com\/pt-pt\/wp-json\/wp\/v2\/pages"}],"about":[{"href":"https:\/\/inhaus.mediatictest.com\/pt-pt\/wp-json\/wp\/v2\/types\/page"}],"author":[{"embeddable":true,"href":"https:\/\/inhaus.mediatictest.com\/pt-pt\/wp-json\/wp\/v2\/users\/1"}],"replies":[{"embeddable":true,"href":"https:\/\/inhaus.mediatictest.com\/pt-pt\/wp-json\/wp\/v2\/comments?post=1255"}],"version-history":[{"count":3,"href":"https:\/\/inhaus.mediatictest.com\/pt-pt\/wp-json\/wp\/v2\/pages\/1255\/revisions"}],"predecessor-version":[{"id":1663,"href":"https:\/\/inhaus.mediatictest.com\/pt-pt\/wp-json\/wp\/v2\/pages\/1255\/revisions\/1663"}],"wp:attachment":[{"href":"https:\/\/inhaus.mediatictest.com\/pt-pt\/wp-json\/wp\/v2\/media?parent=1255"}],"curies":[{"name":"wp","href":"https:\/\/api.w.org\/{rel}","templated":true}]}}